{"id":921,"date":"2024-12-05T20:56:51","date_gmt":"2024-12-05T20:56:51","guid":{"rendered":"https:\/\/levelicoliving.net\/tours2\/"},"modified":"2025-01-16T21:00:02","modified_gmt":"2025-01-16T21:00:02","slug":"exploreguadalajara","status":"publish","type":"page","link":"https:\/\/levelicoliving.net\/es\/exploreguadalajara\/","title":{"rendered":"Explorar GDL"},"content":{"rendered":"<div class=\"wp-block-uagb-container uagb-block-a6be1363 alignfull uagb-is-root-container\"><div class=\"uagb-container__shape uagb-container__shape-bottom uagb-container__shape-flip uagb-container__invert\" data-negative=\"false\"><svg xmlns=\"https:\/\/www.w3.org\/2000\/svg\" viewbox=\"0 0 1000 100\" preserveaspectratio=\"none\"><path class=\"uagb-container__shape-fill\" d=\"M0,6V0h1000v100L0,6z\"><\/path><\/svg><\/div><div class=\"uagb-container-inner-blocks-wrap\">\n<div class=\"wp-block-uagb-advanced-heading uagb-block-81d18f4d\"><h1 class=\"uagb-heading-text\">Lugares cercanos<\/h1><\/div>\n\n\n\n<p class=\"has-ast-global-color-5-color has-text-color has-link-color wp-elements-93a6b7c619021c6fd2234d9dd79b504a\">Descubre Guadalajara y sus alrededores<\/p>\n<\/div><\/div>\n\n\n\n<div class=\"wp-block-uagb-container uagb-block-scfo0jve alignfull uagb-is-root-container\"><div class=\"uagb-container-inner-blocks-wrap\">\n<div class=\"wp-block-uagb-info-box uagb-block-z7m1jrbl uagb-infobox__content-wrap  uagb-infobox-icon-above-title uagb-infobox-image-valign-top\"><div class=\"uagb-ifb-content\"><div class=\"uagb-ifb-title-wrap\"><h2 class=\"uagb-ifb-title\"><strong>Descubre Jalisco<\/strong><\/h2><\/div><p class=\"uagb-ifb-desc\">Descubra esta hermosa ciudad y sus vibrantes alrededores, repletos de infinitas posibilidades. Tanto si busca emocionantes aventuras diurnas como actividades nocturnas \u00fanicas, le ofrecemos fant\u00e1sticas opciones que se adaptan a todos los intereses y preferencias.<\/p><\/div><\/div>\n\n\n\n<div class=\"wp-block-uagb-container uagb-block-2fttjysx\">\n<div class=\"wp-block-uagb-container uagb-block-lscygbbz\">\n<div class=\"wp-block-uagb-image uagb-block-rwmgop3r wp-block-uagb-image--layout-default wp-block-uagb-image--effect-static wp-block-uagb-image--align-none\"><figure class=\"wp-block-uagb-image__figure\"><img decoding=\"async\" srcset=\"https:\/\/levelicoliving.net\/wp-content\/uploads\/2025\/01\/330477295_1041027796723105_4572328087755784963_n.jpg ,https:\/\/levelicoliving.net\/wp-content\/uploads\/2025\/01\/330477295_1041027796723105_4572328087755784963_n.jpg 780w, https:\/\/levelicoliving.net\/wp-content\/uploads\/2025\/01\/330477295_1041027796723105_4572328087755784963_n.jpg 360w\" sizes=\"auto, (max-width: 480px) 150px\" src=\"https:\/\/levelicoliving.net\/wp-content\/uploads\/2025\/01\/330477295_1041027796723105_4572328087755784963_n.jpg\" alt=\"Jarra de tequila en plaza con letras coloridas.\" class=\"uag-image-1419\" width=\"384\" height=\"480\" title=\"330477295_1041027796723105_4572328087755784963_n\" loading=\"lazy\" role=\"img\"\/><\/figure><\/div>\n\n\n\n<div class=\"wp-block-uagb-info-box uagb-block-pkw8i4hj uagb-infobox__content-wrap  uagb-infobox-icon-above-title uagb-infobox-image-valign-top\"><div class=\"uagb-ifb-content\"><div class=\"uagb-ifb-title-wrap\"><h3 class=\"uagb-ifb-title\">TEQUILA<\/h3><\/div><\/div><\/div>\n<\/div>\n\n\n\n<div class=\"wp-block-uagb-container uagb-block-myuqbff0\">\n<div class=\"wp-block-uagb-image alignleft uagb-block-dmsi5xhe wp-block-uagb-image--layout-default wp-block-uagb-image--effect-static wp-block-uagb-image--align-left\"><figure class=\"wp-block-uagb-image__figure\"><img decoding=\"async\" srcset=\"https:\/\/levelicoliving.net\/wp-content\/uploads\/2025\/01\/309384355_398459832479784_8786823123006645879_n-1024x749.jpg ,https:\/\/levelicoliving.net\/wp-content\/uploads\/2025\/01\/309384355_398459832479784_8786823123006645879_n.jpg 780w, https:\/\/levelicoliving.net\/wp-content\/uploads\/2025\/01\/309384355_398459832479784_8786823123006645879_n.jpg 360w\" sizes=\"auto, (max-width: 480px) 150px\" src=\"https:\/\/levelicoliving.net\/wp-content\/uploads\/2025\/01\/309384355_398459832479784_8786823123006645879_n-1024x749.jpg\" alt=\"Atardecer en playa con surfistas, palmeras y mar.\" class=\"uag-image-1420\" width=\"384\" height=\"480\" title=\"309384355_398459832479784_8786823123006645879_n\" loading=\"lazy\" role=\"img\"\/><\/figure><\/div>\n\n\n\n<div class=\"wp-block-uagb-info-box uagb-block-2ioyf1dw uagb-infobox__content-wrap  uagb-infobox-icon-above-title uagb-infobox-image-valign-top\"><div class=\"uagb-ifb-content\"><div class=\"uagb-ifb-title-wrap\"><h3 class=\"uagb-ifb-title\">SAYULITA<\/h3><\/div><\/div><\/div>\n<\/div>\n\n\n\n<div class=\"wp-block-uagb-container uagb-block-hord2hvp\">\n<div class=\"wp-block-uagb-image alignleft uagb-block-upucuzxo wp-block-uagb-image--layout-default wp-block-uagb-image--effect-static wp-block-uagb-image--align-left\"><figure class=\"wp-block-uagb-image__figure\"><img decoding=\"async\" srcset=\"https:\/\/levelicoliving.net\/wp-content\/uploads\/2025\/01\/iStock-1394947375-1024x768.jpg ,https:\/\/levelicoliving.net\/wp-content\/uploads\/2025\/01\/iStock-1394947375.jpg 780w, https:\/\/levelicoliving.net\/wp-content\/uploads\/2025\/01\/iStock-1394947375.jpg 360w\" sizes=\"auto, (max-width: 480px) 150px\" src=\"https:\/\/levelicoliving.net\/wp-content\/uploads\/2025\/01\/iStock-1394947375-1024x768.jpg\" alt=\"Vista a\u00e9rea de playa en Puerto Vallarta.\" class=\"uag-image-1421\" width=\"384\" height=\"480\" title=\"Hermosa vista de Puerto Vallarta\" loading=\"lazy\" role=\"img\"\/><\/figure><\/div>\n\n\n\n<div class=\"wp-block-uagb-info-box uagb-block-ehdkbndh uagb-infobox__content-wrap  uagb-infobox-icon-above-title uagb-infobox-image-valign-top\"><div class=\"uagb-ifb-content\"><div class=\"uagb-ifb-title-wrap\"><h3 class=\"uagb-ifb-title\">PUERTO VALLARTA<\/h3><\/div><\/div><\/div>\n<\/div>\n<\/div>\n\n\n\n<div class=\"wp-block-uagb-container uagb-block-027179b2\">\n<div class=\"wp-block-uagb-container uagb-block-447b3d66\">\n<div class=\"wp-block-uagb-image uagb-block-bca5cc3d wp-block-uagb-image--layout-default wp-block-uagb-image--effect-static wp-block-uagb-image--align-none\"><figure class=\"wp-block-uagb-image__figure\"><img decoding=\"async\" srcset=\"https:\/\/levelicoliving.net\/wp-content\/uploads\/2025\/01\/d3228d91591616b12b0d92165b083b87-683x1024.jpg ,https:\/\/levelicoliving.net\/wp-content\/uploads\/2025\/01\/d3228d91591616b12b0d92165b083b87.jpg 780w, https:\/\/levelicoliving.net\/wp-content\/uploads\/2025\/01\/d3228d91591616b12b0d92165b083b87.jpg 360w\" sizes=\"auto, (max-width: 480px) 150px\" src=\"https:\/\/levelicoliving.net\/wp-content\/uploads\/2025\/01\/d3228d91591616b12b0d92165b083b87-683x1024.jpg\" alt=\"Manos trabajando en cer\u00e1mica tradicional mexicana colorida.\" class=\"uag-image-1439\" width=\"384\" height=\"480\" title=\"d3228d91591616b12b0d92165b083b87\" loading=\"lazy\" role=\"img\"\/><\/figure><\/div>\n\n\n\n<div class=\"wp-block-uagb-info-box uagb-block-6cf475a5 uagb-infobox__content-wrap  uagb-infobox-icon-above-title uagb-infobox-image-valign-top\"><div class=\"uagb-ifb-content\"><div class=\"uagb-ifb-title-wrap\"><h3 class=\"uagb-ifb-title\">tONALA<\/h3><\/div><\/div><\/div>\n<\/div>\n\n\n\n<div class=\"wp-block-uagb-container uagb-block-f01fbfc6\">\n<div class=\"wp-block-uagb-image alignleft uagb-block-93c376cf wp-block-uagb-image--layout-default wp-block-uagb-image--effect-static wp-block-uagb-image--align-left\"><figure class=\"wp-block-uagb-image__figure\"><img decoding=\"async\" srcset=\"https:\/\/levelicoliving.net\/wp-content\/uploads\/2025\/01\/888eedf120dc4b78eb517d10518e1ce1.jpg ,https:\/\/levelicoliving.net\/wp-content\/uploads\/2025\/01\/888eedf120dc4b78eb517d10518e1ce1.jpg 780w, https:\/\/levelicoliving.net\/wp-content\/uploads\/2025\/01\/888eedf120dc4b78eb517d10518e1ce1.jpg 360w\" sizes=\"auto, (max-width: 480px) 150px\" src=\"https:\/\/levelicoliving.net\/wp-content\/uploads\/2025\/01\/888eedf120dc4b78eb517d10518e1ce1.jpg\" alt=\"Catedral de Guadalajara al atardecer con reflejo.\" class=\"uag-image-1442\" width=\"384\" height=\"480\" title=\"888eedf120dc4b78eb517d10518e1ce1\" loading=\"lazy\" role=\"img\"\/><\/figure><\/div>\n\n\n\n<div class=\"wp-block-uagb-info-box uagb-block-70ab8737 uagb-infobox__content-wrap  uagb-infobox-icon-above-title uagb-infobox-image-valign-top\"><div class=\"uagb-ifb-content\"><div class=\"uagb-ifb-title-wrap\"><h3 class=\"uagb-ifb-title\"><strong><strong> CENTRO<\/strong><\/strong><\/h3><\/div><\/div><\/div>\n<\/div>\n\n\n\n<div class=\"wp-block-uagb-container uagb-block-6b013945\">\n<div class=\"wp-block-uagb-image alignleft uagb-block-e5460895 wp-block-uagb-image--layout-default wp-block-uagb-image--effect-static wp-block-uagb-image--align-left\"><figure class=\"wp-block-uagb-image__figure\"><img decoding=\"async\" srcset=\"https:\/\/levelicoliving.net\/wp-content\/uploads\/2024\/12\/admin-ajax.webp ,https:\/\/levelicoliving.net\/wp-content\/uploads\/2024\/12\/admin-ajax.webp 780w, https:\/\/levelicoliving.net\/wp-content\/uploads\/2024\/12\/admin-ajax.webp 360w\" sizes=\"auto, (max-width: 480px) 150px\" src=\"https:\/\/levelicoliving.net\/wp-content\/uploads\/2024\/12\/admin-ajax.webp\" alt=\"Coraz\u00f3n rojo enorme en una calle colorida.\" class=\"uag-image-1011\" width=\"384\" height=\"480\" title=\"admin-ajax\" loading=\"lazy\" role=\"img\"\/><\/figure><\/div>\n\n\n\n<div class=\"wp-block-uagb-info-box uagb-block-f55cdcf9 uagb-infobox__content-wrap  uagb-infobox-icon-above-title uagb-infobox-image-valign-top\"><div class=\"uagb-ifb-content\"><div class=\"uagb-ifb-title-wrap\"><h3 class=\"uagb-ifb-title\">tLAQUEPAQUE<\/h3><\/div><\/div><\/div>\n<\/div>\n<\/div>\n\n\n\n<div class=\"wp-block-uagb-container uagb-block-f0826b9a\">\n<div class=\"wp-block-uagb-container uagb-block-0ee309e0\">\n<div class=\"wp-block-uagb-image uagb-block-fb2277f8 wp-block-uagb-image--layout-default wp-block-uagb-image--effect-static wp-block-uagb-image--align-none\"><figure class=\"wp-block-uagb-image__figure\"><img decoding=\"async\" srcset=\"https:\/\/levelicoliving.net\/wp-content\/uploads\/2025\/01\/cf80f51e3dc63881ea67b2b3bd088fe9.jpg ,https:\/\/levelicoliving.net\/wp-content\/uploads\/2025\/01\/cf80f51e3dc63881ea67b2b3bd088fe9.jpg 780w, https:\/\/levelicoliving.net\/wp-content\/uploads\/2025\/01\/cf80f51e3dc63881ea67b2b3bd088fe9.jpg 360w\" sizes=\"auto, (max-width: 480px) 150px\" src=\"https:\/\/levelicoliving.net\/wp-content\/uploads\/2025\/01\/cf80f51e3dc63881ea67b2b3bd088fe9.jpg\" alt=\"Plaza pintoresca con iglesia colonial y terrazas al aire libre.\" class=\"uag-image-1441\" width=\"384\" height=\"480\" title=\"cf80f51e3dc63881ea67b2b3bd088fe9\" loading=\"lazy\" role=\"img\"\/><\/figure><\/div>\n\n\n\n<div class=\"wp-block-uagb-info-box uagb-block-c9f56f94 uagb-infobox__content-wrap  uagb-infobox-icon-above-title uagb-infobox-image-valign-top\"><div class=\"uagb-ifb-content\"><div class=\"uagb-ifb-title-wrap\"><h3 class=\"uagb-ifb-title\">MAZAMITLA<\/h3><\/div><\/div><\/div>\n<\/div>\n\n\n\n<div class=\"wp-block-uagb-container uagb-block-6cb2e58c\">\n<div class=\"wp-block-uagb-image alignleft uagb-block-ef1895af wp-block-uagb-image--layout-default wp-block-uagb-image--effect-static wp-block-uagb-image--align-left\"><figure class=\"wp-block-uagb-image__figure\"><img decoding=\"async\" srcset=\"https:\/\/levelicoliving.net\/wp-content\/uploads\/2025\/01\/a80a8fec8cceb1fa1f5d65069343a6ff.jpg ,https:\/\/levelicoliving.net\/wp-content\/uploads\/2025\/01\/a80a8fec8cceb1fa1f5d65069343a6ff.jpg 780w, https:\/\/levelicoliving.net\/wp-content\/uploads\/2025\/01\/a80a8fec8cceb1fa1f5d65069343a6ff.jpg 360w\" sizes=\"auto, (max-width: 480px) 150px\" src=\"https:\/\/levelicoliving.net\/wp-content\/uploads\/2025\/01\/a80a8fec8cceb1fa1f5d65069343a6ff.jpg\" alt=\"Barcos en el lago de Chapala al amanecer\" class=\"uag-image-1443\" width=\"384\" height=\"480\" title=\"a80a8fec8cceb1fa1f5d65069343a6ff\" loading=\"lazy\" role=\"img\"\/><\/figure><\/div>\n\n\n\n<div class=\"wp-block-uagb-info-box uagb-block-41e55f73 uagb-infobox__content-wrap  uagb-infobox-icon-above-title uagb-infobox-image-valign-top\"><div class=\"uagb-ifb-content\"><div class=\"uagb-ifb-title-wrap\"><h3 class=\"uagb-ifb-title\"><strong><strong>AJIJIC<\/strong><\/strong><\/h3><\/div><\/div><\/div>\n<\/div>\n\n\n\n<div class=\"wp-block-uagb-container uagb-block-eee2a690\">\n<div class=\"wp-block-uagb-image alignleft uagb-block-fdf2ff2b wp-block-uagb-image--layout-default wp-block-uagb-image--effect-static wp-block-uagb-image--align-left\"><figure class=\"wp-block-uagb-image__figure\"><img decoding=\"async\" srcset=\"https:\/\/levelicoliving.net\/wp-content\/uploads\/2025\/01\/401447332_349419427779747_3231898156692943660_n-768x1024.jpg ,https:\/\/levelicoliving.net\/wp-content\/uploads\/2025\/01\/401447332_349419427779747_3231898156692943660_n.jpg 780w, https:\/\/levelicoliving.net\/wp-content\/uploads\/2025\/01\/401447332_349419427779747_3231898156692943660_n.jpg 360w\" sizes=\"auto, (max-width: 480px) 150px\" src=\"https:\/\/levelicoliving.net\/wp-content\/uploads\/2025\/01\/401447332_349419427779747_3231898156692943660_n-768x1024.jpg\" alt=\"Escaladores subiendo el Ca\u00f1\u00f3n del Aguacate en M\u00e9xico.\" class=\"uag-image-1417\" width=\"384\" height=\"480\" title=\"RemasterDirector_1a5c03258\" loading=\"lazy\" role=\"img\"\/><\/figure><\/div>\n\n\n\n<div class=\"wp-block-uagb-info-box uagb-block-26ff0d93 uagb-infobox__content-wrap  uagb-infobox-icon-above-title uagb-infobox-image-valign-top\"><div class=\"uagb-ifb-content\"><div class=\"uagb-ifb-title-wrap\"><h3 class=\"uagb-ifb-title\"><strong><strong>BARRANCA DE HUENTITAN<\/strong><\/strong><\/h3><\/div><\/div><\/div>\n<\/div>\n<\/div>\n<\/div><\/div>\n\n\n\n<div class=\"wp-block-uagb-container uagb-block-f7d88070 alignfull uagb-is-root-container\"><div class=\"uagb-container-inner-blocks-wrap\">\n<div class=\"wp-block-uagb-advanced-heading uagb-block-87470b0a ticss-51361313\"><p class=\"uagb-desc-text\"><strong>Visitas personalizadas<\/strong><\/p><h2 class=\"uagb-heading-text\"><strong>A su medida<\/strong><\/h2><\/div>\n\n\n\n<div class=\"wp-block-uagb-container ticss-e3113b04 uagb-block-4b49175c\">\n<p class=\"has-text-align-center ticss-afe7bdec\">\u00bfBusca algo especial? D\u00edganoslo y le ayudaremos a personalizar una excursi\u00f3n que se adapte a sus preferencias. Desde visitas privadas para grupos hasta excursiones tem\u00e1ticas, tenemos todo lo que necesita.<\/p>\n<\/div>\n<\/div><\/div>\n\n\n\n<div class=\"wp-block-uagb-container uagb-block-6f82293b alignfull uagb-is-root-container\"><div class=\"uagb-container-inner-blocks-wrap\">\n<div class=\"wp-block-uagb-info-box uagb-block-2de13869 uagb-infobox__content-wrap  uagb-infobox-icon-above-title uagb-infobox-image-valign-top wp-block-uagb-info-box--has-margin\"><div class=\"uagb-infobox-margin-wrapper\"><div class=\"uagb-ifb-content\"><div class=\"uagb-ifb-title-wrap\"><span class=\"uagb-ifb-title-prefix\">Venga a visitarnos<\/span><h2 class=\"uagb-ifb-title\">Forme parte de nuestra din\u00e1mica comunidad<\/h2><\/div><p class=\"uagb-ifb-desc\">Reserve su estancia con Leveli Coliving y cree recuerdos inolvidables en Guadalajara.<\/p><div class=\"uagb-ifb-button-wrapper wp-block-button\"><a href=\"\/es\/reservations\/\" class=\"uagb-infobox-cta-link wp-block-button__link\" target=\"_self\" rel=\"noopener noreferrer\" onclick=\"return true;\"><span class=\"uagb-inline-editing\">Reserve su estancia<\/span><\/a><\/div><\/div><\/div><\/div>\n<\/div><\/div>\n\n\n\n<div class=\"wp-block-uagb-container uagb-block-a2d304eb alignfull uagb-is-root-container\"><div class=\"uagb-container-inner-blocks-wrap\">\n<div class=\"wp-block-uagb-advanced-heading uagb-block-8c8862c7\"><h2 class=\"uagb-heading-text\">Estamos aqu\u00ed para responder a sus preguntas<\/h2><\/div>\n\n\n\n<div class=\"wp-block-uagb-container uagb-block-078241dc\">\n<div class=\"wp-block-uagb-advanced-heading uagb-block-a775041b\"><div class=\"uagb-heading-text\">Tel\u00e9fono<\/div><p class=\"uagb-desc-text\">+52 33 2942 1418<\/p><\/div>\n\n\n\n<div class=\"wp-block-uagb-advanced-heading uagb-block-bacfd3a3\"><div class=\"uagb-heading-text\">Correo electr\u00f3nico<\/div><p class=\"uagb-desc-text\">info@levelicoliving.com<\/p><\/div>\n\n\n\n<div class=\"wp-block-uagb-advanced-heading uagb-block-331c05bb\"><div class=\"uagb-heading-text\">Direcci\u00f3n<\/div><p class=\"uagb-desc-text\">Av. de la Paz 1639, Col Americana,\nAmericana, 44100 Guadalajara, Jal., M\u00e9xico<\/p><\/div>\n\n\n\n<div class=\"wp-block-uagb-container uagb-block-443055f5\">\n<div class=\"wp-block-uagb-advanced-heading uagb-block-45d98320\"><div class=\"uagb-heading-text\">Redes sociales<\/div><\/div>\n\n\n\n<div class=\"wp-block-uagb-icon-list uagb-block-27cb2f14\"><div class=\"uagb-icon-list__wrap\">\n<div class=\"wp-block-uagb-icon-list-child uagb-block-fd15eccd\"><a target=\"_blank\" aria-label=\"Elemento de la lista\" rel=\"noopener noreferrer\" href=\"https:\/\/m.facebook.com\/p\/levelicoliving-100083302774598\/\"> <\/a><span class=\"uagb-icon-list__source-wrap\"><svg xmlns=\"https:\/\/www.w3.org\/2000\/svg\" viewbox=\"0 0 512 512\"><path d=\"M504 256C504 119 393 8 256 8S8 119 8 256c0 123.8 90.69 226.4 209.3 245V327.7h-63V256h63v-54.64c0-62.15 37-96.48 93.67-96.48 27.14 0 55.52 4.84 55.52 4.84v61h-31.28c-30.8 0-40.41 19.12-40.41 38.73V256h68.78l-11 71.69h-57.78V501C413.3 482.4 504 379.8 504 256z\"><\/path><\/svg><\/span><\/div>\n\n\n\n<div class=\"wp-block-uagb-icon-list-child uagb-block-d1934bf2\"><a target=\"_blank\" aria-label=\"Elemento de la lista\" rel=\"noopener noreferrer\" href=\"https:\/\/www.instagram.com\/levelicoliving\/\"> <\/a><span class=\"uagb-icon-list__source-wrap\"><svg xmlns=\"https:\/\/www.w3.org\/2000\/svg\" viewbox=\"0 0 448 512\"><path d=\"M224.1 141c-63.6 0-114.9 51.3-114.9 114.9s51.3 114.9 114.9 114.9S339 319.5 339 255.9 287.7 141 224.1 141zm0 189.6c-41.1 0-74.7-33.5-74.7-74.7s33.5-74.7 74.7-74.7 74.7 33.5 74.7 74.7-33.6 74.7-74.7 74.7zm146.4-194.3c0 14.9-12 26.8-26.8 26.8-14.9 0-26.8-12-26.8-26.8s12-26.8 26.8-26.8 26.8 12 26.8 26.8zm76.1 27.2c-1.7-35.9-9.9-67.7-36.2-93.9-26.2-26.2-58-34.4-93.9-36.2-37-2.1-147.9-2.1-184.9 0-35.8 1.7-67.6 9.9-93.9 36.1s-34.4 58-36.2 93.9c-2.1 37-2.1 147.9 0 184.9 1.7 35.9 9.9 67.7 36.2 93.9s58 34.4 93.9 36.2c37 2.1 147.9 2.1 184.9 0 35.9-1.7 67.7-9.9 93.9-36.2 26.2-26.2 34.4-58 36.2-93.9 2.1-37 2.1-147.8 0-184.8zM398.8 388c-7.8 19.6-22.9 34.7-42.6 42.6-29.5 11.7-99.5 9-132.1 9s-102.7 2.6-132.1-9c-19.6-7.8-34.7-22.9-42.6-42.6-11.7-29.5-9-99.5-9-132.1s-2.6-102.7 9-132.1c7.8-19.6 22.9-34.7 42.6-42.6 29.5-11.7 99.5-9 132.1-9s102.7-2.6 132.1 9c19.6 7.8 34.7 22.9 42.6 42.6 11.7 29.5 9 99.5 9 132.1s2.7 102.7-9 132.1z\"><\/path><\/svg><\/span><\/div>\n<\/div><\/div>\n<\/div>\n<\/div>\n<\/div><\/div>","protected":false},"excerpt":{"rendered":"<p>Places Nearby Discover Guadalajara and the surrounding area Custom Tours Tailored Just for You Looking for something special? Let us [&hellip;]<\/p>","protected":false},"author":1,"featured_media":0,"parent":0,"menu_order":0,"comment_status":"closed","ping_status":"closed","template":"","meta":{"_seopress_robots_primary_cat":"","_seopress_titles_title":"","_seopress_titles_desc":"","_seopress_robots_index":"","_uag_custom_page_level_css":"","site-sidebar-layout":"default","site-content-layout":"","ast-site-content-layout":"default","site-content-style":"default","site-sidebar-style":"default","ast-global-header-display":"","ast-banner-title-visibility":"","ast-main-header-display":"","ast-hfb-above-header-display":"","ast-hfb-below-header-display":"","ast-hfb-mobile-header-display":"","site-post-title":"","ast-breadcrumbs-content":"","ast-featured-img":"","footer-sml-layout":"","ast-disable-related-posts":"","theme-transparent-header-meta":"","adv-header-id-meta":"","stick-header-meta":"","header-above-stick-meta":"","header-main-stick-meta":"","header-below-stick-meta":"","astra-migrate-meta-layouts":"default","ast-page-background-enabled":"default","ast-page-background-meta":{"desktop":{"background-color":"var(--ast-global-color-5)","background-image":"","background-repeat":"repeat","background-position":"center center","background-size":"auto","background-attachment":"scroll","background-type":"","background-media":"","overlay-type":"","overlay-color":"","overlay-opacity":"","overlay-gradient":""},"tablet":{"background-color":"","background-image":"","background-repeat":"repeat","background-position":"center center","background-size":"auto","background-attachment":"scroll","background-type":"","background-media":"","overlay-type":"","overlay-color":"","overlay-opacity":"","overlay-gradient":""},"mobile":{"background-color":"","background-image":"","background-repeat":"repeat","background-position":"center center","background-size":"auto","background-attachment":"scroll","background-type":"","background-media":"","overlay-type":"","overlay-color":"","overlay-opacity":"","overlay-gradient":""}},"ast-content-background-meta":{"desktop":{"background-color":"var(--ast-global-color-4)","background-image":"","background-repeat":"repeat","background-position":"center center","background-size":"auto","background-attachment":"scroll","background-type":"","background-media":"","overlay-type":"","overlay-color":"","overlay-opacity":"","overlay-gradient":""},"tablet":{"background-color":"var(--ast-global-color-4)","background-image":"","background-repeat":"repeat","background-position":"center center","background-size":"auto","background-attachment":"scroll","background-type":"","background-media":"","overlay-type":"","overlay-color":"","overlay-opacity":"","overlay-gradient":""},"mobile":{"background-color":"var(--ast-global-color-4)","background-image":"","background-repeat":"repeat","background-position":"center center","background-size":"auto","background-attachment":"scroll","background-type":"","background-media":"","overlay-type":"","overlay-color":"","overlay-opacity":"","overlay-gradient":""}},"_themeisle_gutenberg_block_has_review":false,"footnotes":""},"class_list":["post-921","page","type-page","status-publish","hentry"],"uagb_featured_image_src":{"full":false,"thumbnail":false,"medium":false,"medium_large":false,"large":false,"1536x1536":false,"2048x2048":false,"trp-custom-language-flag":false},"uagb_author_info":{"display_name":"levelicoliving@gmail.com","author_link":"https:\/\/levelicoliving.net\/es\/author\/levelicolivinggmail-com\/"},"uagb_comment_info":0,"uagb_excerpt":"Places Nearby Discover Guadalajara and the surrounding area Custom Tours Tailored Just for You Looking for something special? Let us [&hellip;]","_links":{"self":[{"href":"https:\/\/levelicoliving.net\/es\/wp-json\/wp\/v2\/pages\/921","targetHints":{"allow":["GET"]}}],"collection":[{"href":"https:\/\/levelicoliving.net\/es\/wp-json\/wp\/v2\/pages"}],"about":[{"href":"https:\/\/levelicoliving.net\/es\/wp-json\/wp\/v2\/types\/page"}],"author":[{"embeddable":true,"href":"https:\/\/levelicoliving.net\/es\/wp-json\/wp\/v2\/users\/1"}],"replies":[{"embeddable":true,"href":"https:\/\/levelicoliving.net\/es\/wp-json\/wp\/v2\/comments?post=921"}],"version-history":[{"count":24,"href":"https:\/\/levelicoliving.net\/es\/wp-json\/wp\/v2\/pages\/921\/revisions"}],"predecessor-version":[{"id":1496,"href":"https:\/\/levelicoliving.net\/es\/wp-json\/wp\/v2\/pages\/921\/revisions\/1496"}],"wp:attachment":[{"href":"https:\/\/levelicoliving.net\/es\/wp-json\/wp\/v2\/media?parent=921"}],"curies":[{"name":"wp","href":"https:\/\/api.w.org\/{rel}","templated":true}]}}