{"id":706,"date":"2024-11-26T01:14:36","date_gmt":"2024-11-26T01:14:36","guid":{"rendered":"https:\/\/levelicoliving.net\/?page_id=706"},"modified":"2024-12-23T14:42:40","modified_gmt":"2024-12-23T14:42:40","slug":"city-walking-tour","status":"publish","type":"page","link":"https:\/\/levelicoliving.net\/es\/tours\/city-walking-tour\/","title":{"rendered":"Visita a pie por la ciudad"},"content":{"rendered":"<div class=\"wp-block-uagb-container uagb-block-zpbdulks alignfull uagb-is-root-container\"><div class=\"uagb-container__shape uagb-container__shape-bottom uagb-container__shape-flip uagb-container__invert\" data-negative=\"false\"><svg xmlns=\"https:\/\/www.w3.org\/2000\/svg\" viewbox=\"0 0 1000 100\" preserveaspectratio=\"none\"><path class=\"uagb-container__shape-fill\" d=\"M0,6V0h1000v100L0,6z\"><\/path><\/svg><\/div><div class=\"uagb-container-inner-blocks-wrap\">\n<div class=\"wp-block-uagb-info-box uagb-block-rb05jnff uagb-infobox__content-wrap  uagb-infobox-icon-above-title uagb-infobox-image-valign-top\"><div class=\"uagb-ifb-content\"><div class=\"uagb-ifb-title-wrap\"><h1 class=\"uagb-ifb-title\">Visita a pie por la ciudad<\/h1><\/div><\/div><\/div>\n<\/div><\/div>\n\n\n\n<div class=\"wp-block-uagb-container uagb-block-a3atsfir alignfull uagb-is-root-container\"><div class=\"uagb-container-inner-blocks-wrap\">\n<div class=\"wp-block-uagb-container uagb-block-zoxdypzj\">\n<div class=\"wp-block-uagb-info-box uagb-block-yn5x119h uagb-infobox__content-wrap  uagb-infobox-icon-above-title uagb-infobox-image-valign-top\"><div class=\"uagb-ifb-content\"><div class=\"uagb-ifb-title-wrap\"><p class=\"uagb-ifb-title-prefix\">Qu\u00e9 esperar de este viaje<\/p><h1 class=\"uagb-ifb-title\">sobre la gira<\/h1><\/div><\/div><\/div>\n\n\n\n<ul class=\"wp-block-list\">\n<li>\u00a1Descubra los lugares m\u00e1s emblem\u00e1ticos del centro hist\u00f3rico de la ciudad! Visitamos 15 puntos hist\u00f3ricos, incluyendo la mayor plaza abierta del centro, la famosa rotonda, el ayuntamiento, la catedral, el palacio de gobierno, el teatro y \u00a1mucho m\u00e1s! Terminamos la visita en uno de los mercados m\u00e1s grandes de Am\u00e9rica<br><br>Tenga en cuenta que, aunque la visita es gratuita, sus propinas son muy apreciadas. Una propina media es de 200 pesos por persona.<br><br>La visita se realiza todos los d\u00edas, tanto en ingl\u00e9s como en espa\u00f1ol, a partir de las 10.30 h en la Plaza de la Liberaci\u00f3n (detr\u00e1s de la catedral de Guadalajara). Busque a las personas con los paraguas amarillos.<\/li>\n<\/ul>\n<\/div>\n\n\n\n<div id=\"wp-block-themeisle-blocks-slider-3f864a2c\" class=\"wp-block-themeisle-blocks-slider glide\" data-per-view=\"1\" data-gap=\"0\" data-peek=\"0\" data-autoplay=\"true\" data-height=\"400px\" data-hide-arrows=\"false\"><div class=\"glide__track\" data-glide-el=\"track\"><div class=\"glide__slides\"><div class=\"wp-block-themeisle-blocks-slider-item-wrapper glide__slide\" tabindex=\"0\"><figure><img decoding=\"async\" class=\"wp-block-themeisle-blocks-slider-item\" src=\"https:\/\/levelicoliving.net\/wp-content\/uploads\/2024\/12\/GDL-2.jpeg\" alt=\"Grupo de amigos frente a fuente en Guadalajara, M\u00e9xico.\" title=\"Grupo de amigos frente a fuente en Guadalajara, M\u00e9xico.\" data-id=\"1081\"\/><\/figure><\/div><div class=\"wp-block-themeisle-blocks-slider-item-wrapper glide__slide\" tabindex=\"0\"><figure><img decoding=\"async\" class=\"wp-block-themeisle-blocks-slider-item\" src=\"https:\/\/levelicoliving.net\/wp-content\/uploads\/2024\/12\/GDL-1-scaled.jpeg\" alt=\"Grupo de personas frente a catedral en Guadalajara, M\u00e9xico.\" title=\"Grupo de personas frente a catedral en Guadalajara, M\u00e9xico.\" data-id=\"1087\"\/><\/figure><\/div><div class=\"wp-block-themeisle-blocks-slider-item-wrapper glide__slide\" tabindex=\"0\"><figure><img decoding=\"async\" class=\"wp-block-themeisle-blocks-slider-item\" src=\"https:\/\/levelicoliving.net\/wp-content\/uploads\/2024\/12\/GDL-3.jpeg\" alt=\"Grupo frente a escultura en plaza p\u00fablica nublada.\" title=\"Grupo frente a escultura en plaza p\u00fablica nublada.\" data-id=\"1083\"\/><\/figure><\/div><div class=\"wp-block-themeisle-blocks-slider-item-wrapper glide__slide\" tabindex=\"0\"><figure><img decoding=\"async\" class=\"wp-block-themeisle-blocks-slider-item\" src=\"https:\/\/levelicoliving.net\/wp-content\/uploads\/2024\/12\/GDL-4.jpeg\" alt=\"Grupo de personas sonrientes en plaza p\u00fablica mexicana.\" title=\"Grupo de personas sonrientes en plaza p\u00fablica mexicana.\" data-id=\"1085\"\/><\/figure><\/div><div class=\"wp-block-themeisle-blocks-slider-item-wrapper glide__slide\" tabindex=\"0\"><figure><img decoding=\"async\" class=\"wp-block-themeisle-blocks-slider-item\" src=\"https:\/\/levelicoliving.net\/wp-content\/uploads\/2024\/12\/GDL-5.jpeg\" alt=\"Grupo de personas en plaza con fuente y catedral.\" title=\"Grupo de personas en plaza con fuente y catedral.\" data-id=\"1082\"\/><\/figure><\/div><div class=\"wp-block-themeisle-blocks-slider-item-wrapper glide__slide\" tabindex=\"0\"><figure><img decoding=\"async\" class=\"wp-block-themeisle-blocks-slider-item\" src=\"https:\/\/levelicoliving.net\/wp-content\/uploads\/2024\/12\/GDL.jpeg\" alt=\"Personas bajo un \u00e1rbol con flores naranjas y paraguas amarillo.\" title=\"Personas bajo un \u00e1rbol con flores naranjas y paraguas amarillo.\" data-id=\"1086\"\/><\/figure><\/div><div class=\"wp-block-themeisle-blocks-slider-item-wrapper glide__slide\" tabindex=\"0\"><figure><img decoding=\"async\" class=\"wp-block-themeisle-blocks-slider-item\" src=\"https:\/\/levelicoliving.net\/wp-content\/uploads\/2024\/12\/GDL-10.png\" alt=\"Turistas en mercado con artesan\u00edas mexicanas.\" title=\"Turistas en mercado con artesan\u00edas mexicanas.\" data-id=\"1089\"\/><\/figure><\/div><div class=\"wp-block-themeisle-blocks-slider-item-wrapper glide__slide\" tabindex=\"0\"><figure><img decoding=\"async\" class=\"wp-block-themeisle-blocks-slider-item\" src=\"https:\/\/levelicoliving.net\/wp-content\/uploads\/2024\/12\/GDL6.jpeg\" alt=\"Grupo de personas en plaza, cielo nublado al fondo.\" title=\"Grupo de personas en plaza, cielo nublado al fondo.\" data-id=\"1084\"\/><\/figure><\/div><\/div><div class=\"glide__bullets\" data-glide-el=\"controls[nav]\"><button class=\"glide__bullet\" data-glide-dir=\"=0\"><\/button><button class=\"glide__bullet\" data-glide-dir=\"=1\"><\/button><button class=\"glide__bullet\" data-glide-dir=\"=2\"><\/button><button class=\"glide__bullet\" data-glide-dir=\"=3\"><\/button><button class=\"glide__bullet\" data-glide-dir=\"=4\"><\/button><button class=\"glide__bullet\" data-glide-dir=\"=5\"><\/button><button class=\"glide__bullet\" data-glide-dir=\"=6\"><\/button><button class=\"glide__bullet\" data-glide-dir=\"=7\"><\/button><\/div><\/div><\/div>\n<\/div><\/div>\n\n\n\n<div class=\"wp-block-uagb-container uagb-block-a2d304eb alignfull uagb-is-root-container\"><div class=\"uagb-container-inner-blocks-wrap\">\n<div class=\"wp-block-uagb-advanced-heading uagb-block-8c8862c7\"><h2 class=\"uagb-heading-text\">Estamos aqu\u00ed para responder a sus preguntas<\/h2><\/div>\n\n\n\n<div class=\"wp-block-uagb-container uagb-block-078241dc\">\n<div class=\"wp-block-uagb-advanced-heading uagb-block-a775041b\"><div class=\"uagb-heading-text\">Tel\u00e9fono<\/div><p class=\"uagb-desc-text\">+52 33 2942 1418<\/p><\/div>\n\n\n\n<div class=\"wp-block-uagb-advanced-heading uagb-block-bacfd3a3\"><div class=\"uagb-heading-text\">Correo electr\u00f3nico<\/div><p class=\"uagb-desc-text\">info@levelicoliving.com<\/p><\/div>\n\n\n\n<div class=\"wp-block-uagb-advanced-heading uagb-block-331c05bb\"><div class=\"uagb-heading-text\">Direcci\u00f3n<\/div><p class=\"uagb-desc-text\">Av. de la Paz 1639, Col Americana,\nAmericana, 44100 Guadalajara, Jal., M\u00e9xico<\/p><\/div>\n\n\n\n<div class=\"wp-block-uagb-container uagb-block-443055f5\">\n<div class=\"wp-block-uagb-advanced-heading uagb-block-45d98320\"><div class=\"uagb-heading-text\">Redes sociales<\/div><\/div>\n\n\n\n<div class=\"wp-block-uagb-icon-list uagb-block-27cb2f14\"><div class=\"uagb-icon-list__wrap\">\n<div class=\"wp-block-uagb-icon-list-child uagb-block-fd15eccd\"><a target=\"_blank\" aria-label=\"Elemento de la lista\" rel=\"noopener noreferrer\" href=\"https:\/\/m.facebook.com\/p\/levelicoliving-100083302774598\/\"> <\/a><span class=\"uagb-icon-list__source-wrap\"><svg xmlns=\"https:\/\/www.w3.org\/2000\/svg\" viewbox=\"0 0 512 512\"><path d=\"M504 256C504 119 393 8 256 8S8 119 8 256c0 123.8 90.69 226.4 209.3 245V327.7h-63V256h63v-54.64c0-62.15 37-96.48 93.67-96.48 27.14 0 55.52 4.84 55.52 4.84v61h-31.28c-30.8 0-40.41 19.12-40.41 38.73V256h68.78l-11 71.69h-57.78V501C413.3 482.4 504 379.8 504 256z\"><\/path><\/svg><\/span><\/div>\n\n\n\n<div class=\"wp-block-uagb-icon-list-child uagb-block-d1934bf2\"><a target=\"_blank\" aria-label=\"Elemento de la lista\" rel=\"noopener noreferrer\" href=\"https:\/\/www.instagram.com\/levelicoliving\/\"> <\/a><span class=\"uagb-icon-list__source-wrap\"><svg xmlns=\"https:\/\/www.w3.org\/2000\/svg\" viewbox=\"0 0 448 512\"><path d=\"M224.1 141c-63.6 0-114.9 51.3-114.9 114.9s51.3 114.9 114.9 114.9S339 319.5 339 255.9 287.7 141 224.1 141zm0 189.6c-41.1 0-74.7-33.5-74.7-74.7s33.5-74.7 74.7-74.7 74.7 33.5 74.7 74.7-33.6 74.7-74.7 74.7zm146.4-194.3c0 14.9-12 26.8-26.8 26.8-14.9 0-26.8-12-26.8-26.8s12-26.8 26.8-26.8 26.8 12 26.8 26.8zm76.1 27.2c-1.7-35.9-9.9-67.7-36.2-93.9-26.2-26.2-58-34.4-93.9-36.2-37-2.1-147.9-2.1-184.9 0-35.8 1.7-67.6 9.9-93.9 36.1s-34.4 58-36.2 93.9c-2.1 37-2.1 147.9 0 184.9 1.7 35.9 9.9 67.7 36.2 93.9s58 34.4 93.9 36.2c37 2.1 147.9 2.1 184.9 0 35.9-1.7 67.7-9.9 93.9-36.2 26.2-26.2 34.4-58 36.2-93.9 2.1-37 2.1-147.8 0-184.8zM398.8 388c-7.8 19.6-22.9 34.7-42.6 42.6-29.5 11.7-99.5 9-132.1 9s-102.7 2.6-132.1-9c-19.6-7.8-34.7-22.9-42.6-42.6-11.7-29.5-9-99.5-9-132.1s-2.6-102.7 9-132.1c7.8-19.6 22.9-34.7 42.6-42.6 29.5-11.7 99.5-9 132.1-9s102.7-2.6 132.1 9c19.6 7.8 34.7 22.9 42.6 42.6 11.7 29.5 9 99.5 9 132.1s2.7 102.7-9 132.1z\"><\/path><\/svg><\/span><\/div>\n<\/div><\/div>\n<\/div>\n<\/div>\n<\/div><\/div>","protected":false},"excerpt":{"rendered":"","protected":false},"author":2,"featured_media":0,"parent":528,"menu_order":0,"comment_status":"closed","ping_status":"closed","template":"","meta":{"_seopress_robots_primary_cat":"","_seopress_titles_title":"","_seopress_titles_desc":"","_seopress_robots_index":"","_uag_custom_page_level_css":"","site-sidebar-layout":"default","site-content-layout":"","ast-site-content-layout":"","site-content-style":"default","site-sidebar-style":"default","ast-global-header-display":"","ast-banner-title-visibility":"","ast-main-header-display":"","ast-hfb-above-header-display":"","ast-hfb-below-header-display":"","ast-hfb-mobile-header-display":"","site-post-title":"disabled","ast-breadcrumbs-content":"","ast-featured-img":"","footer-sml-layout":"","ast-disable-related-posts":"","theme-transparent-header-meta":"","adv-header-id-meta":"","stick-header-meta":"","header-above-stick-meta":"","header-main-stick-meta":"","header-below-stick-meta":"","astra-migrate-meta-layouts":"default","ast-page-background-enabled":"default","ast-page-background-meta":{"desktop":{"background-color":"var(--ast-global-color-4)","background-image":"","background-repeat":"repeat","background-position":"center center","background-size":"auto","background-attachment":"scroll","background-type":"","background-media":"","overlay-type":"","overlay-color":"","overlay-opacity":"","overlay-gradient":""},"tablet":{"background-color":"","background-image":"","background-repeat":"repeat","background-position":"center center","background-size":"auto","background-attachment":"scroll","background-type":"","background-media":"","overlay-type":"","overlay-color":"","overlay-opacity":"","overlay-gradient":""},"mobile":{"background-color":"","background-image":"","background-repeat":"repeat","background-position":"center center","background-size":"auto","background-attachment":"scroll","background-type":"","background-media":"","overlay-type":"","overlay-color":"","overlay-opacity":"","overlay-gradient":""}},"ast-content-background-meta":{"desktop":{"background-color":"var(--ast-global-color-5)","background-image":"","background-repeat":"repeat","background-position":"center center","background-size":"auto","background-attachment":"scroll","background-type":"","background-media":"","overlay-type":"","overlay-color":"","overlay-opacity":"","overlay-gradient":""},"tablet":{"background-color":"var(--ast-global-color-5)","background-image":"","background-repeat":"repeat","background-position":"center center","background-size":"auto","background-attachment":"scroll","background-type":"","background-media":"","overlay-type":"","overlay-color":"","overlay-opacity":"","overlay-gradient":""},"mobile":{"background-color":"var(--ast-global-color-5)","background-image":"","background-repeat":"repeat","background-position":"center center","background-size":"auto","background-attachment":"scroll","background-type":"","background-media":"","overlay-type":"","overlay-color":"","overlay-opacity":"","overlay-gradient":""}},"_themeisle_gutenberg_block_has_review":false,"footnotes":""},"class_list":["post-706","page","type-page","status-publish","hentry"],"uagb_featured_image_src":{"full":false,"thumbnail":false,"medium":false,"medium_large":false,"large":false,"1536x1536":false,"2048x2048":false,"trp-custom-language-flag":false},"uagb_author_info":{"display_name":"Kevin","author_link":"https:\/\/levelicoliving.net\/es\/author\/kevin\/"},"uagb_comment_info":0,"uagb_excerpt":null,"_links":{"self":[{"href":"https:\/\/levelicoliving.net\/es\/wp-json\/wp\/v2\/pages\/706","targetHints":{"allow":["GET"]}}],"collection":[{"href":"https:\/\/levelicoliving.net\/es\/wp-json\/wp\/v2\/pages"}],"about":[{"href":"https:\/\/levelicoliving.net\/es\/wp-json\/wp\/v2\/types\/page"}],"author":[{"embeddable":true,"href":"https:\/\/levelicoliving.net\/es\/wp-json\/wp\/v2\/users\/2"}],"replies":[{"embeddable":true,"href":"https:\/\/levelicoliving.net\/es\/wp-json\/wp\/v2\/comments?post=706"}],"version-history":[{"count":11,"href":"https:\/\/levelicoliving.net\/es\/wp-json\/wp\/v2\/pages\/706\/revisions"}],"predecessor-version":[{"id":1200,"href":"https:\/\/levelicoliving.net\/es\/wp-json\/wp\/v2\/pages\/706\/revisions\/1200"}],"up":[{"embeddable":true,"href":"https:\/\/levelicoliving.net\/es\/wp-json\/wp\/v2\/pages\/528"}],"wp:attachment":[{"href":"https:\/\/levelicoliving.net\/es\/wp-json\/wp\/v2\/media?parent=706"}],"curies":[{"name":"wp","href":"https:\/\/api.w.org\/{rel}","templated":true}]}}