{"id":610,"date":"2024-11-25T14:45:14","date_gmt":"2024-11-25T14:45:14","guid":{"rendered":"https:\/\/levelicoliving.net\/?page_id=610"},"modified":"2024-11-25T17:23:25","modified_gmt":"2024-11-25T17:23:25","slug":"cafe-1639","status":"publish","type":"page","link":"https:\/\/levelicoliving.net\/es\/cafe-1639\/","title":{"rendered":"Caf\u00e9 1639"},"content":{"rendered":"<div class=\"wp-block-uagb-container uagb-block-a6be1363 alignfull uagb-is-root-container\"><div class=\"uagb-container__shape uagb-container__shape-bottom uagb-container__shape-flip uagb-container__invert\" data-negative=\"false\"><svg xmlns=\"https:\/\/www.w3.org\/2000\/svg\" viewbox=\"0 0 1000 100\" preserveaspectratio=\"none\"><path class=\"uagb-container__shape-fill\" d=\"M0,6V0h1000v100L0,6z\"><\/path><\/svg><\/div><div class=\"uagb-container-inner-blocks-wrap\">\n<div class=\"wp-block-uagb-advanced-heading uagb-block-81d18f4d\"><p class=\"uagb-desc-text\">Caf\u00e9 1639<\/p><h1 class=\"uagb-heading-text\">Bienvenido al Caf\u00e9 1639<\/h1><\/div>\n\n\n\n<p class=\"has-ast-global-color-5-color has-text-color has-link-color wp-elements-3da2332d4a4cd4da47fd10539c7e95d8\">Saboree sabores frescos y un ambiente acogedor en nuestra cafeter\u00eda.<\/p>\n<\/div><\/div>\n\n\n\n<div class=\"wp-block-uagb-container uagb-block-q4q36h37 alignfull uagb-is-root-container\"><div class=\"uagb-container-inner-blocks-wrap\">\n<div class=\"wp-block-uagb-info-box uagb-block-lljfcqcm uagb-infobox__content-wrap  uagb-infobox-icon-above-title uagb-infobox-image-valign-top wp-block-uagb-info-box--has-margin\"><div class=\"uagb-infobox-margin-wrapper\"><div class=\"uagb-ifb-content\"><div class=\"uagb-ifb-image-content\"><img decoding=\"async\" src=\"https:\/\/levelicoliving.net\/wp-content\/uploads\/2024\/11\/cafe-1639-logo-gray-bg-42444c.svg\" alt=\"\" width=\"150\" height=\"148\" loading=\"lazy\"\/><\/div><div class=\"uagb-ifb-title-wrap\"><h1 class=\"uagb-ifb-title\">M\u00e1s que un caf\u00e9<\/h1><\/div><p class=\"uagb-ifb-desc\">Situado en Leveli Coliving, el Caf\u00e9 1639 ofrece un espacio c\u00e1lido y acogedor para hu\u00e9spedes y visitantes por igual. Desde caf\u00e9 reci\u00e9n hecho hasta comidas abundantes, nuestro men\u00fa est\u00e1 dise\u00f1ado para deleitar su paladar y alimentar su d\u00eda.<\/p><\/div><\/div><\/div>\n\n\n\n<div class=\"wp-block-uagb-buttons uagb-buttons__outer-wrap uagb-btn__default-btn uagb-btn-tablet__default-btn uagb-btn-mobile__default-btn uagb-block-9grikchq\"><div class=\"uagb-buttons__wrap uagb-buttons-layout-wrap\">\n<div class=\"wp-block-uagb-buttons-child uagb-buttons__outer-wrap uagb-block-7kkgtfld wp-block-button\"><div class=\"uagb-button__wrapper\"><a class=\"uagb-buttons-repeater wp-block-button__link\" aria-label=\"\" href=\"https:\/\/anyflip.com\/xtpxs\/tocr\" rel=\"nofollow noopener\" target=\"_blank\" role=\"button\"><div class=\"uagb-button__link\">Ver nuestro men\u00fa<\/div><\/a><\/div><\/div>\n<\/div><\/div>\n\n\n\n<div class=\"wp-block-uagb-container uagb-block-dllmrz86\">\n<div class=\"wp-block-uagb-image alignleft uagb-block-ogehkdbl wp-block-uagb-image--layout-default wp-block-uagb-image--effect-static wp-block-uagb-image--align-left\"><figure class=\"wp-block-uagb-image__figure\"><img decoding=\"async\" srcset=\"https:\/\/levelicoliving.net\/wp-content\/uploads\/2024\/11\/cafe-1024x1024.webp ,https:\/\/levelicoliving.net\/wp-content\/uploads\/2024\/11\/cafe.webp 780w, https:\/\/levelicoliving.net\/wp-content\/uploads\/2024\/11\/cafe.webp 360w\" sizes=\"auto, (max-width: 480px) 150px\" src=\"https:\/\/levelicoliving.net\/wp-content\/uploads\/2024\/11\/cafe-1024x1024.webp\" alt=\"\" class=\"uag-image-617\" width=\"282\" height=\"370\" title=\"caf\u00e9\" loading=\"lazy\" role=\"img\"\/><\/figure><\/div>\n\n\n\n<div class=\"wp-block-uagb-image alignleft uagb-block-tcx5pjhr wp-block-uagb-image--layout-default wp-block-uagb-image--effect-static wp-block-uagb-image--align-left\"><figure class=\"wp-block-uagb-image__figure\"><img decoding=\"async\" srcset=\"https:\/\/levelicoliving.net\/wp-content\/uploads\/2024\/11\/bread-819x1024.jpg ,https:\/\/levelicoliving.net\/wp-content\/uploads\/2024\/11\/bread.jpg 780w, https:\/\/levelicoliving.net\/wp-content\/uploads\/2024\/11\/bread.jpg 360w\" sizes=\"auto, (max-width: 480px) 150px\" src=\"https:\/\/levelicoliving.net\/wp-content\/uploads\/2024\/11\/bread-819x1024.jpg\" alt=\"\" class=\"uag-image-619\" width=\"282\" height=\"420\" title=\"pan\" loading=\"lazy\" role=\"img\"\/><\/figure><\/div>\n\n\n\n<div class=\"wp-block-uagb-image alignleft uagb-block-ri5bioog wp-block-uagb-image--layout-default wp-block-uagb-image--effect-static wp-block-uagb-image--align-left\"><figure class=\"wp-block-uagb-image__figure\"><img decoding=\"async\" srcset=\"https:\/\/levelicoliving.net\/wp-content\/uploads\/2024\/11\/Molletes-salados-819x1024.webp ,https:\/\/levelicoliving.net\/wp-content\/uploads\/2024\/11\/Molletes-salados.webp 780w, https:\/\/levelicoliving.net\/wp-content\/uploads\/2024\/11\/Molletes-salados.webp 360w\" sizes=\"auto, (max-width: 480px) 150px\" src=\"https:\/\/levelicoliving.net\/wp-content\/uploads\/2024\/11\/Molletes-salados-819x1024.webp\" alt=\"\" class=\"uag-image-618\" width=\"282\" height=\"370\" title=\"Molletes salados\" loading=\"lazy\" role=\"img\"\/><\/figure><\/div>\n\n\n\n<div class=\"wp-block-uagb-image alignleft uagb-block-1os6dokn wp-block-uagb-image--layout-default wp-block-uagb-image--effect-static wp-block-uagb-image--align-left\"><figure class=\"wp-block-uagb-image__figure\"><img decoding=\"async\" srcset=\"https:\/\/levelicoliving.net\/wp-content\/uploads\/2024\/11\/breakfast-1024x1024.jpg ,https:\/\/levelicoliving.net\/wp-content\/uploads\/2024\/11\/breakfast.jpg 780w, https:\/\/levelicoliving.net\/wp-content\/uploads\/2024\/11\/breakfast.jpg 360w\" sizes=\"auto, (max-width: 480px) 150px\" src=\"https:\/\/levelicoliving.net\/wp-content\/uploads\/2024\/11\/breakfast-1024x1024.jpg\" alt=\"\" class=\"uag-image-620\" width=\"282\" height=\"420\" title=\"desayuno\" loading=\"lazy\" role=\"img\"\/><\/figure><\/div>\n<\/div>\n<\/div><\/div>\n\n\n\n<div class=\"wp-block-uagb-container uagb-layout-grid uagb-block-80731fa3 alignfull uagb-is-root-container\"><div class=\"uagb-container__shape uagb-container__shape-top uagb-container__shape-flip\"><svg xmlns=\"https:\/\/www.w3.org\/2000\/svg\" viewbox=\"0 0 1000 100\" preserveaspectratio=\"none\"><path class=\"uagb-container__shape-fill\" d=\"M0,6V0h1000v100L0,6z\"><\/path><\/svg><\/div><div class=\"uagb-container__shape uagb-container__shape-bottom uagb-container__shape-flip uagb-container__invert\" data-negative=\"false\"><svg xmlns=\"https:\/\/www.w3.org\/2000\/svg\" viewbox=\"0 0 1000 100\" preserveaspectratio=\"none\"><path class=\"uagb-container__shape-fill\" d=\"M0,6V0h1000v100L0,6z\"><\/path><\/svg><\/div><div class=\"uagb-container-inner-blocks-wrap\">\n<div class=\"wp-block-uagb-info-box uagb-block-4184a682 uagb-infobox__content-wrap  uagb-infobox-icon-above-title uagb-infobox-image-valign-top wp-block-uagb-info-box--has-margin ticss-21d0d81a\"><div class=\"uagb-infobox-margin-wrapper\"><div class=\"uagb-ifb-content\"><div class=\"uagb-ifb-title-wrap\"><span class=\"uagb-ifb-title-prefix\"><strong>Caf\u00e9 Premium<\/strong><\/span><h2 class=\"uagb-ifb-title\">Caf\u00e9 excepcional, siempre<\/h2><\/div><p class=\"uagb-ifb-desc\">Nuestra moderna <strong>Cafetera La Pavoni<\/strong> garantiza que cada taza de caf\u00e9 se prepare a la perfecci\u00f3n. Utilizamos granos de origen local para ofrecer sabores intensos en cada sorbo.<\/p><\/div><\/div><\/div>\n\n\n\n<div class=\"wp-block-uagb-image alignright uagb-block-eb3eeb07 wp-block-uagb-image--layout-default wp-block-uagb-image--effect-static wp-block-uagb-image--align-right\"><figure class=\"wp-block-uagb-image__figure\"><img decoding=\"async\" srcset=\"https:\/\/levelicoliving.net\/wp-content\/uploads\/2024\/11\/cafe-1639-1024x1024.webp ,https:\/\/levelicoliving.net\/wp-content\/uploads\/2024\/11\/cafe-1639.webp 780w, https:\/\/levelicoliving.net\/wp-content\/uploads\/2024\/11\/cafe-1639.webp 360w\" sizes=\"auto, (max-width: 480px) 150px\" src=\"https:\/\/levelicoliving.net\/wp-content\/uploads\/2024\/11\/cafe-1639-1024x1024.webp\" alt=\"\" class=\"uag-image-615\" width=\"500\" height=\"450\" title=\"caf\u00e9-1639\" loading=\"lazy\" role=\"img\"\/><\/figure><\/div>\n<\/div><\/div>\n\n\n\n<div class=\"wp-block-uagb-container uagb-block-9dbb18d7 alignfull uagb-is-root-container\"><div class=\"uagb-container-inner-blocks-wrap\">\n<div class=\"wp-block-uagb-advanced-heading uagb-block-1fd5f659\"><p class=\"uagb-desc-text\"><strong>Localizaci\u00f3n y horarios<\/strong><\/p><h2 class=\"uagb-heading-text\">\u00a1P\u00e1sate hoy mismo!<\/h2><\/div>\n\n\n\n<div class=\"wp-block-uagb-container uagb-layout-grid uagb-block-84e20ad5\">\n<div class=\"wp-block-uagb-image aligncenter uagb-block-52eed376 wp-block-uagb-image--layout-default wp-block-uagb-image--effect-static wp-block-uagb-image--align-center\"><figure class=\"wp-block-uagb-image__figure\"><img decoding=\"async\" srcset=\"https:\/\/levelicoliving.net\/wp-content\/uploads\/2024\/11\/cafe-1639-interior-1024x1024.jpg ,https:\/\/levelicoliving.net\/wp-content\/uploads\/2024\/11\/cafe-1639-interior.jpg 780w, https:\/\/levelicoliving.net\/wp-content\/uploads\/2024\/11\/cafe-1639-interior.jpg 360w\" sizes=\"auto, (max-width: 480px) 150px\" src=\"https:\/\/levelicoliving.net\/wp-content\/uploads\/2024\/11\/cafe-1639-interior-1024x1024.jpg\" alt=\"\" class=\"uag-image-616\" width=\"500\" height=\"450\" title=\"cafe-1639-interior\" loading=\"lazy\" role=\"img\"\/><\/figure><\/div>\n\n\n\n<div class=\"wp-block-group is-nowrap is-layout-flex wp-container-core-group-is-layout-1 wp-block-group-is-layout-flex\">\n<div class=\"wp-block-uagb-container uagb-block-db47bd14\">\n<h3 class=\"wp-block-heading\">\u00bfD\u00f3nde puede encontrarnos?<\/h3>\n\n\n\n<ul class=\"wp-block-list\">\n<li><strong>Ubicaci\u00f3n:<\/strong> \n<ul class=\"wp-block-list\">\n<li>Dentro de Leveli Coliving, en el coraz\u00f3n de Guadalajara.<\/li>\n\n\n\n<li>Av. de la Paz 1639, Col Americana,<br>Americana, 44100 Guadalajara, Jal., M\u00e9xico<\/li>\n<\/ul>\n<\/li>\n\n\n\n<li><strong>Horario:<\/strong> De lunes a s\u00e1bado 8:00 - 13:00<\/li>\n<\/ul>\n<\/div>\n<\/div>\n<\/div>\n<\/div><\/div>\n\n\n\n<div class=\"wp-block-uagb-container uagb-block-6f82293b alignfull uagb-is-root-container\"><div class=\"uagb-container-inner-blocks-wrap\">\n<div class=\"wp-block-uagb-info-box uagb-block-2de13869 uagb-infobox__content-wrap  uagb-infobox-icon-above-title uagb-infobox-image-valign-top wp-block-uagb-info-box--has-margin\"><div class=\"uagb-infobox-margin-wrapper\"><div class=\"uagb-ifb-content\"><div class=\"uagb-ifb-title-wrap\"><span class=\"uagb-ifb-title-prefix\">Venga a visitarnos<\/span><h2 class=\"uagb-ifb-title\">Forme parte de nuestra din\u00e1mica comunidad<\/h2><\/div><p class=\"uagb-ifb-desc\">Reserve su estancia con Leveli Coliving y cree recuerdos inolvidables en Guadalajara.<\/p><div class=\"uagb-ifb-button-wrapper wp-block-button\"><a href=\"\/es\/reservations\/\" class=\"uagb-infobox-cta-link wp-block-button__link\" target=\"_self\" rel=\"noopener noreferrer\" onclick=\"return true;\"><span class=\"uagb-inline-editing\">Reserve su estancia<\/span><\/a><\/div><\/div><\/div><\/div>\n<\/div><\/div>\n\n\n\n<div class=\"wp-block-uagb-container uagb-block-a2d304eb alignfull uagb-is-root-container\"><div class=\"uagb-container-inner-blocks-wrap\">\n<div class=\"wp-block-uagb-advanced-heading uagb-block-8c8862c7\"><h2 class=\"uagb-heading-text\">Estamos aqu\u00ed para responder a sus preguntas<\/h2><\/div>\n\n\n\n<div class=\"wp-block-uagb-container uagb-block-078241dc\">\n<div class=\"wp-block-uagb-advanced-heading uagb-block-a775041b\"><div class=\"uagb-heading-text\">Tel\u00e9fono<\/div><p class=\"uagb-desc-text\">+52 33 2942 1418<\/p><\/div>\n\n\n\n<div class=\"wp-block-uagb-advanced-heading uagb-block-bacfd3a3\"><div class=\"uagb-heading-text\">Correo electr\u00f3nico<\/div><p class=\"uagb-desc-text\">info@levelicoliving.com<\/p><\/div>\n\n\n\n<div class=\"wp-block-uagb-advanced-heading uagb-block-331c05bb\"><div class=\"uagb-heading-text\">Direcci\u00f3n<\/div><p class=\"uagb-desc-text\">Av. de la Paz 1639, Col Americana,\nAmericana, 44100 Guadalajara, Jal., M\u00e9xico<\/p><\/div>\n\n\n\n<div class=\"wp-block-uagb-container uagb-block-443055f5\">\n<div class=\"wp-block-uagb-advanced-heading uagb-block-45d98320\"><div class=\"uagb-heading-text\">Redes sociales<\/div><\/div>\n\n\n\n<div class=\"wp-block-uagb-icon-list uagb-block-27cb2f14\"><div class=\"uagb-icon-list__wrap\">\n<div class=\"wp-block-uagb-icon-list-child uagb-block-fd15eccd\"><a target=\"_blank\" aria-label=\"Elemento de la lista\" rel=\"noopener noreferrer\" href=\"https:\/\/m.facebook.com\/p\/levelicoliving-100083302774598\/\"> <\/a><span class=\"uagb-icon-list__source-wrap\"><svg xmlns=\"https:\/\/www.w3.org\/2000\/svg\" viewbox=\"0 0 512 512\"><path d=\"M504 256C504 119 393 8 256 8S8 119 8 256c0 123.8 90.69 226.4 209.3 245V327.7h-63V256h63v-54.64c0-62.15 37-96.48 93.67-96.48 27.14 0 55.52 4.84 55.52 4.84v61h-31.28c-30.8 0-40.41 19.12-40.41 38.73V256h68.78l-11 71.69h-57.78V501C413.3 482.4 504 379.8 504 256z\"><\/path><\/svg><\/span><\/div>\n\n\n\n<div class=\"wp-block-uagb-icon-list-child uagb-block-d1934bf2\"><a target=\"_blank\" aria-label=\"Elemento de la lista\" rel=\"noopener noreferrer\" href=\"https:\/\/www.instagram.com\/levelicoliving\/\"> <\/a><span class=\"uagb-icon-list__source-wrap\"><svg xmlns=\"https:\/\/www.w3.org\/2000\/svg\" viewbox=\"0 0 448 512\"><path d=\"M224.1 141c-63.6 0-114.9 51.3-114.9 114.9s51.3 114.9 114.9 114.9S339 319.5 339 255.9 287.7 141 224.1 141zm0 189.6c-41.1 0-74.7-33.5-74.7-74.7s33.5-74.7 74.7-74.7 74.7 33.5 74.7 74.7-33.6 74.7-74.7 74.7zm146.4-194.3c0 14.9-12 26.8-26.8 26.8-14.9 0-26.8-12-26.8-26.8s12-26.8 26.8-26.8 26.8 12 26.8 26.8zm76.1 27.2c-1.7-35.9-9.9-67.7-36.2-93.9-26.2-26.2-58-34.4-93.9-36.2-37-2.1-147.9-2.1-184.9 0-35.8 1.7-67.6 9.9-93.9 36.1s-34.4 58-36.2 93.9c-2.1 37-2.1 147.9 0 184.9 1.7 35.9 9.9 67.7 36.2 93.9s58 34.4 93.9 36.2c37 2.1 147.9 2.1 184.9 0 35.9-1.7 67.7-9.9 93.9-36.2 26.2-26.2 34.4-58 36.2-93.9 2.1-37 2.1-147.8 0-184.8zM398.8 388c-7.8 19.6-22.9 34.7-42.6 42.6-29.5 11.7-99.5 9-132.1 9s-102.7 2.6-132.1-9c-19.6-7.8-34.7-22.9-42.6-42.6-11.7-29.5-9-99.5-9-132.1s-2.6-102.7 9-132.1c7.8-19.6 22.9-34.7 42.6-42.6 29.5-11.7 99.5-9 132.1-9s102.7-2.6 132.1 9c19.6 7.8 34.7 22.9 42.6 42.6 11.7 29.5 9 99.5 9 132.1s2.7 102.7-9 132.1z\"><\/path><\/svg><\/span><\/div>\n<\/div><\/div>\n<\/div>\n<\/div>\n<\/div><\/div>","protected":false},"excerpt":{"rendered":"<p>Cafe 1639 Welcome to Cafe 1639 Savor fresh flavors and cozy vibes at our in-house cafe. Location and Hours Stop [&hellip;]<\/p>","protected":false},"author":2,"featured_media":0,"parent":0,"menu_order":0,"comment_status":"closed","ping_status":"closed","template":"","meta":{"_seopress_robots_primary_cat":"","_seopress_titles_title":"","_seopress_titles_desc":"","_seopress_robots_index":"","_uag_custom_page_level_css":"","site-sidebar-layout":"default","site-content-layout":"","ast-site-content-layout":"","site-content-style":"default","site-sidebar-style":"default","ast-global-header-display":"","ast-banner-title-visibility":"","ast-main-header-display":"","ast-hfb-above-header-display":"","ast-hfb-below-header-display":"","ast-hfb-mobile-header-display":"","site-post-title":"disabled","ast-breadcrumbs-content":"","ast-featured-img":"","footer-sml-layout":"","ast-disable-related-posts":"","theme-transparent-header-meta":"","adv-header-id-meta":"","stick-header-meta":"","header-above-stick-meta":"","header-main-stick-meta":"","header-below-stick-meta":"","astra-migrate-meta-layouts":"default","ast-page-background-enabled":"default","ast-page-background-meta":{"desktop":{"background-color":"var(--ast-global-color-4)","background-image":"","background-repeat":"repeat","background-position":"center center","background-size":"auto","background-attachment":"scroll","background-type":"","background-media":"","overlay-type":"","overlay-color":"","overlay-opacity":"","overlay-gradient":""},"tablet":{"background-color":"","background-image":"","background-repeat":"repeat","background-position":"center center","background-size":"auto","background-attachment":"scroll","background-type":"","background-media":"","overlay-type":"","overlay-color":"","overlay-opacity":"","overlay-gradient":""},"mobile":{"background-color":"","background-image":"","background-repeat":"repeat","background-position":"center center","background-size":"auto","background-attachment":"scroll","background-type":"","background-media":"","overlay-type":"","overlay-color":"","overlay-opacity":"","overlay-gradient":""}},"ast-content-background-meta":{"desktop":{"background-color":"var(--ast-global-color-5)","background-image":"","background-repeat":"repeat","background-position":"center center","background-size":"auto","background-attachment":"scroll","background-type":"","background-media":"","overlay-type":"","overlay-color":"","overlay-opacity":"","overlay-gradient":""},"tablet":{"background-color":"var(--ast-global-color-5)","background-image":"","background-repeat":"repeat","background-position":"center center","background-size":"auto","background-attachment":"scroll","background-type":"","background-media":"","overlay-type":"","overlay-color":"","overlay-opacity":"","overlay-gradient":""},"mobile":{"background-color":"var(--ast-global-color-5)","background-image":"","background-repeat":"repeat","background-position":"center center","background-size":"auto","background-attachment":"scroll","background-type":"","background-media":"","overlay-type":"","overlay-color":"","overlay-opacity":"","overlay-gradient":""}},"_themeisle_gutenberg_block_has_review":false,"footnotes":""},"class_list":["post-610","page","type-page","status-publish","hentry"],"uagb_featured_image_src":{"full":false,"thumbnail":false,"medium":false,"medium_large":false,"large":false,"1536x1536":false,"2048x2048":false,"trp-custom-language-flag":false},"uagb_author_info":{"display_name":"Kevin","author_link":"https:\/\/levelicoliving.net\/es\/author\/kevin\/"},"uagb_comment_info":0,"uagb_excerpt":"Cafe 1639 Welcome to Cafe 1639 Savor fresh flavors and cozy vibes at our in-house cafe. Location and Hours Stop [&hellip;]","_links":{"self":[{"href":"https:\/\/levelicoliving.net\/es\/wp-json\/wp\/v2\/pages\/610","targetHints":{"allow":["GET"]}}],"collection":[{"href":"https:\/\/levelicoliving.net\/es\/wp-json\/wp\/v2\/pages"}],"about":[{"href":"https:\/\/levelicoliving.net\/es\/wp-json\/wp\/v2\/types\/page"}],"author":[{"embeddable":true,"href":"https:\/\/levelicoliving.net\/es\/wp-json\/wp\/v2\/users\/2"}],"replies":[{"embeddable":true,"href":"https:\/\/levelicoliving.net\/es\/wp-json\/wp\/v2\/comments?post=610"}],"version-history":[{"count":7,"href":"https:\/\/levelicoliving.net\/es\/wp-json\/wp\/v2\/pages\/610\/revisions"}],"predecessor-version":[{"id":679,"href":"https:\/\/levelicoliving.net\/es\/wp-json\/wp\/v2\/pages\/610\/revisions\/679"}],"wp:attachment":[{"href":"https:\/\/levelicoliving.net\/es\/wp-json\/wp\/v2\/media?parent=610"}],"curies":[{"name":"wp","href":"https:\/\/api.w.org\/{rel}","templated":true}]}}