{"id":54,"date":"2024-11-22T16:42:14","date_gmt":"2024-11-22T16:42:14","guid":{"rendered":"https:\/\/levelicoliving.net\/contact\/"},"modified":"2024-12-26T20:37:17","modified_gmt":"2024-12-26T20:37:17","slug":"contact","status":"publish","type":"page","link":"https:\/\/levelicoliving.net\/es\/contact\/","title":{"rendered":"P\u00f3ngase en contacto con"},"content":{"rendered":"<div class=\"wp-block-uagb-container uagb-block-26d10edd alignfull uagb-is-root-container\"><div class=\"uagb-container__shape uagb-container__shape-bottom uagb-container__shape-flip uagb-container__invert\" data-negative=\"false\"><svg xmlns=\"https:\/\/www.w3.org\/2000\/svg\" viewbox=\"0 0 1000 100\" preserveaspectratio=\"none\"><path class=\"uagb-container__shape-fill\" d=\"M0,6V0h1000v100L0,6z\"><\/path><\/svg><\/div><div class=\"uagb-container-inner-blocks-wrap\">\n<div class=\"wp-block-uagb-advanced-heading uagb-block-81d18f4d\"><p class=\"uagb-desc-text\">Contacto y localizaci\u00f3n<\/p><h1 class=\"uagb-heading-text\">P\u00f3ngase en contacto con Leveli Coliving<\/h1><\/div>\n\n\n\n<p class=\"has-ast-global-color-5-color has-text-color has-link-color wp-elements-c4669a39b6f52a579a59a35c03bc56ce\">Estamos aqu\u00ed para ayudarle a planificar su estancia perfecta en Guadalajara.<\/p>\n<\/div><\/div>\n\n\n\n<div class=\"wp-block-uagb-container uagb-block-aogue8bm alignfull uagb-is-root-container\"><div class=\"uagb-container-inner-blocks-wrap\">\n<div class=\"wp-block-uagb-container uagb-block-b82njdtn\">\n<div class=\"wp-block-uagb-info-box uagb-block-kpl106uf uagb-infobox__content-wrap  uagb-infobox-icon-above-title uagb-infobox-image-valign-top\"><div class=\"uagb-ifb-content\"><div class=\"uagb-ifb-title-wrap\"><h2 class=\"uagb-ifb-title\">P\u00f3ngase en contacto con nosotros<\/h2><\/div><p class=\"uagb-ifb-desc\">A continuaci\u00f3n le indicamos c\u00f3mo puede ponerse en contacto con nosotros para cualquier pregunta o duda.<\/p><div class=\"uagb-ifb-separator\"><\/div><\/div><\/div>\n\n\n\n<div class=\"wp-block-uagb-info-box uagb-block-7zglnwbd uagb-infobox__content-wrap  uagb-infobox-icon-left-title uagb-infobox-left uagb-infobox-image-valign-top\"><div class=\"uagb-ifb-content\"><div class=\"uagb-ifb-left-title-image\"><div class=\"uagb-ifb-icon-wrap\"><svg xmlns=\"https:\/\/www.w3.org\/2000\/svg\" viewbox=\"0 0 384 512\"><path d=\"M168.3 499.2C116.1 435 0 279.4 0 192C0 85.96 85.96 0 192 0C298 0 384 85.96 384 192C384 279.4 267 435 215.7 499.2C203.4 514.5 180.6 514.5 168.3 499.2H168.3zM192 256C227.3 256 256 227.3 256 192C256 156.7 227.3 128 192 128C156.7 128 128 156.7 128 192C128 227.3 156.7 256 192 256z\"><\/path><\/svg><\/div><div class=\"uagb-ifb-title-wrap\"><p class=\"uagb-ifb-title\">Direcci\u00f3n<\/p><\/div><\/div><p class=\"uagb-ifb-desc\">Av. de la Paz 1639, Col Americana,<br>Americana, 44100 Guadalajara, Jal., M\u00e9xico<\/p><div class=\"uagb-ifb-separator\"><\/div><\/div><\/div>\n\n\n\n<div class=\"wp-block-uagb-container uagb-block-wfhxzwlj\">\n<div class=\"wp-block-uagb-container uagb-block-thcjehls\">\n<div class=\"wp-block-uagb-info-box uagb-block-y5oki50q uagb-infobox__content-wrap  uagb-infobox-icon-left-title uagb-infobox-left uagb-infobox-image-valign-top\"><div class=\"uagb-ifb-content\"><div class=\"uagb-ifb-left-title-image\"><div class=\"uagb-ifb-icon-wrap\"><svg xmlns=\"https:\/\/www.w3.org\/2000\/svg\" viewbox=\"0 0 512 512\"><path d=\"M511.2 387l-23.25 100.8c-3.266 14.25-15.79 24.22-30.46 24.22C205.2 512 0 306.8 0 54.5c0-14.66 9.969-27.2 24.22-30.45l100.8-23.25C139.7-2.602 154.7 5.018 160.8 18.92l46.52 108.5c5.438 12.78 1.77 27.67-8.98 36.45L144.5 207.1c33.98 69.22 90.26 125.5 159.5 159.5l44.08-53.8c8.688-10.78 23.69-14.51 36.47-8.975l108.5 46.51C506.1 357.2 514.6 372.4 511.2 387z\"><\/path><\/svg><\/div><div class=\"uagb-ifb-title-wrap\"><p class=\"uagb-ifb-title\">Tel\u00e9fono<\/p><\/div><\/div><p class=\"uagb-ifb-desc\">+52 33 2942 1418<\/p><\/div><\/div>\n<\/div>\n\n\n\n<div class=\"wp-block-uagb-container uagb-block-ctlipjs7\">\n<div class=\"wp-block-uagb-info-box uagb-block-eywy87lb uagb-infobox__content-wrap  uagb-infobox-icon-left-title uagb-infobox-left uagb-infobox-image-valign-top\"><div class=\"uagb-ifb-content\"><div class=\"uagb-ifb-left-title-image\"><div class=\"uagb-ifb-icon-wrap\"><svg xmlns=\"https:\/\/www.w3.org\/2000\/svg\" viewbox=\"0 0 512 512\"><path d=\"M464 64C490.5 64 512 85.49 512 112C512 127.1 504.9 141.3 492.8 150.4L275.2 313.6C263.8 322.1 248.2 322.1 236.8 313.6L19.2 150.4C7.113 141.3 0 127.1 0 112C0 85.49 21.49 64 48 64H464zM217.6 339.2C240.4 356.3 271.6 356.3 294.4 339.2L512 176V384C512 419.3 483.3 448 448 448H64C28.65 448 0 419.3 0 384V176L217.6 339.2z\"><\/path><\/svg><\/div><div class=\"uagb-ifb-title-wrap\"><p class=\"uagb-ifb-title\">Correo electr\u00f3nico<\/p><\/div><\/div><p class=\"uagb-ifb-desc\">info@levelicoliving.net<\/p><\/div><\/div>\n<\/div>\n<\/div>\n\n\n\n<div class=\"wp-block-uagb-container uagb-block-5rbqzwt1\">\n<div class=\"wp-block-uagb-info-box uagb-block-g0cryrc7 uagb-infobox__content-wrap  uagb-infobox-icon-above-title uagb-infobox-image-valign-top\"><div class=\"uagb-ifb-content\"><div class=\"uagb-ifb-title-wrap\"><p class=\"uagb-ifb-title\">S\u00edguenos:<\/p><\/div><\/div><\/div>\n\n\n\n<div class=\"wp-block-uagb-icon-list uagb-block-l8hginu9\"><div class=\"uagb-icon-list__wrap\">\n<div class=\"wp-block-uagb-icon-list-child uagb-block-nccybfyi\"><a target=\"_self\" aria-label=\"Elemento de la lista\" rel=\"noopener noreferrer\" href=\"https:\/\/www.facebook.com\/p\/levelicoliving-100083302774598\/\"> <\/a><span class=\"uagb-icon-list__source-wrap\"><svg xmlns=\"https:\/\/www.w3.org\/2000\/svg\" viewbox=\"0 0 512 512\"><path d=\"M504 256C504 119 393 8 256 8S8 119 8 256c0 123.8 90.69 226.4 209.3 245V327.7h-63V256h63v-54.64c0-62.15 37-96.48 93.67-96.48 27.14 0 55.52 4.84 55.52 4.84v61h-31.28c-30.8 0-40.41 19.12-40.41 38.73V256h68.78l-11 71.69h-57.78V501C413.3 482.4 504 379.8 504 256z\"><\/path><\/svg><\/span><\/div>\n\n\n\n<div class=\"wp-block-uagb-icon-list-child uagb-block-jvhir9pk\"><a target=\"_self\" aria-label=\"Elemento de la lista\" rel=\"noopener noreferrer\" href=\"https:\/\/www.instagram.com\/levelicoliving\/\"> <\/a><span class=\"uagb-icon-list__source-wrap\"><svg xmlns=\"https:\/\/www.w3.org\/2000\/svg\" viewbox=\"0 0 448 512\"><path d=\"M224.1 141c-63.6 0-114.9 51.3-114.9 114.9s51.3 114.9 114.9 114.9S339 319.5 339 255.9 287.7 141 224.1 141zm0 189.6c-41.1 0-74.7-33.5-74.7-74.7s33.5-74.7 74.7-74.7 74.7 33.5 74.7 74.7-33.6 74.7-74.7 74.7zm146.4-194.3c0 14.9-12 26.8-26.8 26.8-14.9 0-26.8-12-26.8-26.8s12-26.8 26.8-26.8 26.8 12 26.8 26.8zm76.1 27.2c-1.7-35.9-9.9-67.7-36.2-93.9-26.2-26.2-58-34.4-93.9-36.2-37-2.1-147.9-2.1-184.9 0-35.8 1.7-67.6 9.9-93.9 36.1s-34.4 58-36.2 93.9c-2.1 37-2.1 147.9 0 184.9 1.7 35.9 9.9 67.7 36.2 93.9s58 34.4 93.9 36.2c37 2.1 147.9 2.1 184.9 0 35.9-1.7 67.7-9.9 93.9-36.2 26.2-26.2 34.4-58 36.2-93.9 2.1-37 2.1-147.8 0-184.8zM398.8 388c-7.8 19.6-22.9 34.7-42.6 42.6-29.5 11.7-99.5 9-132.1 9s-102.7 2.6-132.1-9c-19.6-7.8-34.7-22.9-42.6-42.6-11.7-29.5-9-99.5-9-132.1s-2.6-102.7 9-132.1c7.8-19.6 22.9-34.7 42.6-42.6 29.5-11.7 99.5-9 132.1-9s102.7-2.6 132.1 9c19.6 7.8 34.7 22.9 42.6 42.6 11.7 29.5 9 99.5 9 132.1s2.7 102.7-9 132.1z\"><\/path><\/svg><\/span><\/div>\n<\/div><\/div>\n<\/div>\n<\/div>\n\n\n\n<div class=\"wp-block-uagb-forms uagb-forms__outer-wrap uagb-block-bqhvugr9 uagb-forms__default-btn\"><form class=\"uagb-forms-main-form\" method=\"post\" autocomplete=\"on\" name=\"uagb-form-bqhvugr9\" action=\"\">\n<div class=\"wp-block-uagb-forms-name uagb-forms-name-wrap uagb-forms-field-set uagb-block-dtqgmpdc\"><div class=\"uagb-forms-name-label required uagb-forms-input-label\" id=\"dtqgmpdc\">Nombre<\/div><input type=\"text\" placeholder=\"\" required class=\"uagb-forms-name-input uagb-forms-input\" name=\"dtqgmpdc\" autocomplete=\"given-name\"\/><\/div>\n\n\n\n<div class=\"wp-block-uagb-forms-email uagb-forms-email-wrap uagb-forms-field-set uagb-block-cqibqk1o\"><div class=\"uagb-forms-email-label required uagb-forms-input-label\" id=\"cqibqk1o\">Correo electr\u00f3nico<\/div><input type=\"email\" class=\"uagb-forms-email-input uagb-forms-input\" placeholder=\"\" required name=\"cqibqk1o\" autocomplete=\"email\"\/><\/div>\n\n\n\n<div class=\"wp-block-uagb-forms-textarea uagb-forms-textarea-wrap uagb-forms-field-set uagb-block-2cseohbx\"><div class=\"uagb-forms-textarea-label required uagb-forms-input-label\" id=\"2cseohbx\">Mensaje<\/div><textarea required class=\"uagb-forms-textarea-input uagb-forms-input\" rows=\"6\" placeholder=\"\" name=\"2cseohbx\" autocomplete=\"off\"><\/textarea><\/div>\n<div class=\"uagb-forms-form-hidden-data\"><input type=\"hidden\" class=\"uagb_forms_form_label\" value=\"Spectra Form\"\/><input type=\"hidden\" class=\"uagb_forms_form_id\" value=\"uagb-form-bqhvugr9\"\/><\/div><div class=\"uagb-form-reacaptcha-error-bqhvugr9\"><\/div><div class=\"uagb-forms-main-submit-button-wrap wp-block-button\"><button class=\"uagb-forms-main-submit-button wp-block-button__link\"><div class=\"uagb-forms-main-submit-button-text\">Enviar formulario<\/div><\/button><\/div><input type=\"hidden\" name=\"trp-form-language\" value=\"es\"\/><\/form><div class=\"uagb-forms-success-message-bqhvugr9 uagb-forms-submit-message-hide\"><span>El formulario se ha enviado correctamente.<\/span><\/div><div class=\"uagb-forms-failed-message-bqhvugr9 uagb-forms-submit-message-hide\"><span>Se ha producido un error al enviar el formulario. Por favor, compruebe de nuevo todos los campos del formulario.<\/span><\/div><\/div>\n<\/div><\/div>\n\n\n\n<div class=\"wp-block-uagb-container uagb-layout-grid uagb-block-72cf516c alignfull uagb-is-root-container\"><div class=\"uagb-container__shape uagb-container__shape-bottom uagb-container__shape-flip uagb-container__invert\" data-negative=\"false\"><svg xmlns=\"https:\/\/www.w3.org\/2000\/svg\" viewbox=\"0 0 1000 100\" preserveaspectratio=\"none\"><path class=\"uagb-container__shape-fill\" d=\"M0,6V0h1000v100L0,6z\"><\/path><\/svg><\/div><div class=\"uagb-container-inner-blocks-wrap\">\n<div class=\"wp-block-uagb-container uagb-block-919fd6bb\">\n<div class=\"wp-block-uagb-advanced-heading uagb-block-4c9aa6cd\"><h2 class=\"uagb-heading-text\"><strong>C\u00f3mo llegar<\/strong><\/h2><\/div>\n\n\n\n<div class=\"wp-block-uagb-container uagb-block-ac38916c\">\n<p>Para llegar a Leveli Coliving desde el Aeropuerto Internacional Miguel Hidalgo y Costilla (GDL), tienes varias opciones de transporte:<\/p>\n\n\n\n<h3 class=\"wp-block-heading\"><strong>En taxi o coche compartido:<\/strong><\/h3>\n\n\n\n<ul class=\"wp-block-list\">\n<li><strong>Duraci\u00f3n:<\/strong> Aproximadamente 45 minutos, dependiendo del tr\u00e1fico.<\/li>\n\n\n\n<li><strong>Instrucciones:<\/strong> Proporcione al conductor la direcci\u00f3n: Av. de la Paz 1639, Col Americana, Guadalajara.<\/li>\n<\/ul>\n<\/div>\n<\/div>\n\n\n\n<div class=\"wp-block-uagb-container uagb-block-b79123a5\">\t\t\t<div \n\t\t\tclass=\"wp-block-uagb-google-map uagb-google-map__wrap uagb-block-0ec637ad     ticss-0ec637ad\"\n\t\t\tstyle=\"\" >\n\t\t\t\t<embed\n\t\t\t\t\tclass=\"uagb-google-map__iframe\"\n\t\t\t\t\ttitle=\"Google Map for \"\n\t\t\t\t\tsrc=\"https:\/\/maps.google.com\/maps?q=Av.%20de%20la%20Paz%201639%2C%20Col%20Americana%2C%20Americana%2C%2044100%20Guadalajara%2C%20Jal.%2C%20Mexico&#038;z=12&#038;hl=en&#038;t=m&#038;output=embed&#038;iwloc=near\"\n\t\t\t\t\twidth=\"640\"\n\t\t\t\t\theight=\"500\"\n\t\t\t\t\tloading=\"lazy\"\n\t\t\t\t><\/embed>\n\t\t\t<\/div>\n\t\t\t<\/div>\n<\/div><\/div>\n\n\n\n<div class=\"wp-block-uagb-container uagb-block-tsutjdoc alignfull uagb-is-root-container\"><div class=\"uagb-container-inner-blocks-wrap\">\n<div class=\"wp-block-uagb-container uagb-block-35a291c0\">\n<div class=\"wp-block-uagb-container uagb-block-3afebb6c\">\n<h3 class=\"wp-block-heading\"><strong>En autob\u00fas:<\/strong><\/h3>\n\n\n\n<ul class=\"wp-block-list\">\n<li><strong>Ruta:<\/strong> Desde el aeropuerto, tome el autob\u00fas a la Central Vieja de Guadalajara.<\/li>\n\n\n\n<li><strong>Traslado:<\/strong> En Central Vieja, cambie a un autob\u00fas local en direcci\u00f3n a Col Americana.<\/li>\n\n\n\n<li><strong>Para:<\/strong> Desembarque cerca de Av. de la Paz 1639.<\/li>\n\n\n\n<li><strong>Duraci\u00f3n:<\/strong> Aproximadamente 1 hora, dependiendo de las conexiones y el tr\u00e1fico.<\/li>\n\n\n\n<li><strong>Nota:<\/strong> Las rutas y los n\u00fameros de autob\u00fas pueden variar; es aconsejable consultar los horarios m\u00e1s recientes al llegar.<\/li>\n<\/ul>\n<\/div>\n\n\n\n<div class=\"wp-block-uagb-container uagb-block-ee698848\">\n<h3 class=\"wp-block-heading\"><strong><strong>Tren Ligero:<\/strong><\/strong><\/h3>\n\n\n\n<ul class=\"wp-block-list\">\n<li><strong>Ruta:<\/strong> Desde el aeropuerto, tome un autob\u00fas o un taxi hasta la estaci\u00f3n de Tren Ligero m\u00e1s cercana.<\/li>\n\n\n\n<li><strong>L\u00ednea:<\/strong> Tome la l\u00ednea 1 en direcci\u00f3n al centro de la ciudad.<\/li>\n\n\n\n<li><strong>Traslado:<\/strong> En la Estaci\u00f3n Ju\u00e1rez, transbordo a la L\u00ednea 2.<\/li>\n\n\n\n<li><strong>Para:<\/strong> Salga en la estaci\u00f3n Chapultepec, que est\u00e1 a unos pasos de Av. de la Paz 1639.<\/li>\n\n\n\n<li><strong>Duraci\u00f3n:<\/strong> Aproximadamente de 1 a 1,5 horas, teniendo en cuenta los traslados y los tiempos de espera.<\/li>\n<\/ul>\n<\/div>\n<\/div>\n\n\n\n<div class=\"wp-block-uagb-container uagb-block-9b61b3eb\">\n<div class=\"wp-block-uagb-container uagb-block-a26e4b47\">\n<h3 class=\"wp-block-heading\"><strong>En coche:<\/strong><\/h3>\n\n\n\n<ul class=\"wp-block-list\">\n<li><strong>Ruta:<\/strong> Conduzca hacia el norte desde el aeropuerto por la Carretera Guadalajara - Chapala.<\/li>\n\n\n\n<li><strong>C\u00f3mo llegar:<\/strong> Contin\u00fae por Av. Dr. Roberto Michel, luego gire a la izquierda hacia Av. de la Paz.<\/li>\n\n\n\n<li><strong>Destino:<\/strong> Proceda con el n\u00famero 1639 en Col Americana.<\/li>\n\n\n\n<li><strong>Duraci\u00f3n:<\/strong> Aproximadamente 45 minutos, dependiendo del tr\u00e1fico.<\/li>\n<\/ul>\n<\/div>\n\n\n\n<div class=\"wp-block-uagb-container uagb-block-8cc94afb\">\n<h3 class=\"wp-block-heading\"><strong>Aparcamiento:<\/strong><\/h3>\n\n\n\n<ul class=\"wp-block-list\">\n<li>Hay aparcamiento limitado en la calle cerca de Leveli Coliving.<\/li>\n\n\n\n<li>Se recomienda informarse con antelaci\u00f3n sobre las opciones de aparcamiento.<\/li>\n<\/ul>\n<\/div>\n<\/div>\n<\/div><\/div>\n\n\n\n<div class=\"wp-block-uagb-container uagb-block-6f82293b alignfull uagb-is-root-container\"><div class=\"uagb-container-inner-blocks-wrap\">\n<div class=\"wp-block-uagb-info-box uagb-block-2de13869 uagb-infobox__content-wrap  uagb-infobox-icon-above-title uagb-infobox-image-valign-top wp-block-uagb-info-box--has-margin\"><div class=\"uagb-infobox-margin-wrapper\"><div class=\"uagb-ifb-content\"><div class=\"uagb-ifb-title-wrap\"><span class=\"uagb-ifb-title-prefix\">Venga a visitarnos<\/span><h2 class=\"uagb-ifb-title\">Forme parte de nuestra din\u00e1mica comunidad<\/h2><\/div><p class=\"uagb-ifb-desc\">Reserve su estancia con Leveli Coliving y cree recuerdos inolvidables en Guadalajara.<\/p><div class=\"uagb-ifb-button-wrapper wp-block-button\"><a href=\"\/es\/reservations\/\" class=\"uagb-infobox-cta-link wp-block-button__link\" target=\"_self\" rel=\"noopener noreferrer\" onclick=\"return true;\"><span class=\"uagb-inline-editing\">Reserve su estancia<\/span><\/a><\/div><\/div><\/div><\/div>\n<\/div><\/div>\n\n\n\n<div class=\"wp-block-uagb-container uagb-block-a2d304eb alignfull uagb-is-root-container\"><div class=\"uagb-container-inner-blocks-wrap\">\n<div class=\"wp-block-uagb-advanced-heading uagb-block-8c8862c7\"><h2 class=\"uagb-heading-text\">Estamos aqu\u00ed para responder a sus preguntas<\/h2><\/div>\n\n\n\n<div class=\"wp-block-uagb-container uagb-block-078241dc\">\n<div class=\"wp-block-uagb-advanced-heading uagb-block-a775041b\"><div class=\"uagb-heading-text\">Tel\u00e9fono<\/div><p class=\"uagb-desc-text\">+52 33 2942 1418<\/p><\/div>\n\n\n\n<div class=\"wp-block-uagb-advanced-heading uagb-block-bacfd3a3\"><div class=\"uagb-heading-text\">Correo electr\u00f3nico<\/div><p class=\"uagb-desc-text\">info@levelicoliving.com<\/p><\/div>\n\n\n\n<div class=\"wp-block-uagb-advanced-heading uagb-block-331c05bb\"><div class=\"uagb-heading-text\">Direcci\u00f3n<\/div><p class=\"uagb-desc-text\">Av. de la Paz 1639, Col Americana,\nAmericana, 44100 Guadalajara, Jal., M\u00e9xico<\/p><\/div>\n\n\n\n<div class=\"wp-block-uagb-container uagb-block-443055f5\">\n<div class=\"wp-block-uagb-advanced-heading uagb-block-45d98320\"><div class=\"uagb-heading-text\">Redes sociales<\/div><\/div>\n\n\n\n<div class=\"wp-block-uagb-icon-list uagb-block-27cb2f14\"><div class=\"uagb-icon-list__wrap\">\n<div class=\"wp-block-uagb-icon-list-child uagb-block-fd15eccd\"><a target=\"_blank\" aria-label=\"Elemento de la lista\" rel=\"noopener noreferrer\" href=\"https:\/\/m.facebook.com\/p\/levelicoliving-100083302774598\/\"> <\/a><span class=\"uagb-icon-list__source-wrap\"><svg xmlns=\"https:\/\/www.w3.org\/2000\/svg\" viewbox=\"0 0 512 512\"><path d=\"M504 256C504 119 393 8 256 8S8 119 8 256c0 123.8 90.69 226.4 209.3 245V327.7h-63V256h63v-54.64c0-62.15 37-96.48 93.67-96.48 27.14 0 55.52 4.84 55.52 4.84v61h-31.28c-30.8 0-40.41 19.12-40.41 38.73V256h68.78l-11 71.69h-57.78V501C413.3 482.4 504 379.8 504 256z\"><\/path><\/svg><\/span><\/div>\n\n\n\n<div class=\"wp-block-uagb-icon-list-child uagb-block-d1934bf2\"><a target=\"_blank\" aria-label=\"Elemento de la lista\" rel=\"noopener noreferrer\" href=\"https:\/\/www.instagram.com\/levelicoliving\/\"> <\/a><span class=\"uagb-icon-list__source-wrap\"><svg xmlns=\"https:\/\/www.w3.org\/2000\/svg\" viewbox=\"0 0 448 512\"><path d=\"M224.1 141c-63.6 0-114.9 51.3-114.9 114.9s51.3 114.9 114.9 114.9S339 319.5 339 255.9 287.7 141 224.1 141zm0 189.6c-41.1 0-74.7-33.5-74.7-74.7s33.5-74.7 74.7-74.7 74.7 33.5 74.7 74.7-33.6 74.7-74.7 74.7zm146.4-194.3c0 14.9-12 26.8-26.8 26.8-14.9 0-26.8-12-26.8-26.8s12-26.8 26.8-26.8 26.8 12 26.8 26.8zm76.1 27.2c-1.7-35.9-9.9-67.7-36.2-93.9-26.2-26.2-58-34.4-93.9-36.2-37-2.1-147.9-2.1-184.9 0-35.8 1.7-67.6 9.9-93.9 36.1s-34.4 58-36.2 93.9c-2.1 37-2.1 147.9 0 184.9 1.7 35.9 9.9 67.7 36.2 93.9s58 34.4 93.9 36.2c37 2.1 147.9 2.1 184.9 0 35.9-1.7 67.7-9.9 93.9-36.2 26.2-26.2 34.4-58 36.2-93.9 2.1-37 2.1-147.8 0-184.8zM398.8 388c-7.8 19.6-22.9 34.7-42.6 42.6-29.5 11.7-99.5 9-132.1 9s-102.7 2.6-132.1-9c-19.6-7.8-34.7-22.9-42.6-42.6-11.7-29.5-9-99.5-9-132.1s-2.6-102.7 9-132.1c7.8-19.6 22.9-34.7 42.6-42.6 29.5-11.7 99.5-9 132.1-9s102.7-2.6 132.1 9c19.6 7.8 34.7 22.9 42.6 42.6 11.7 29.5 9 99.5 9 132.1s2.7 102.7-9 132.1z\"><\/path><\/svg><\/span><\/div>\n<\/div><\/div>\n<\/div>\n<\/div>\n<\/div><\/div>","protected":false},"excerpt":{"rendered":"<p>Contact &amp; Location Get in Touch with Leveli Coliving We\u2019re here to help you plan your perfect stay in Guadalajara. [&hellip;]<\/p>","protected":false},"author":2,"featured_media":0,"parent":0,"menu_order":0,"comment_status":"closed","ping_status":"closed","template":"","meta":{"_seopress_robots_primary_cat":"","_seopress_titles_title":"","_seopress_titles_desc":"","_seopress_robots_index":"","_uag_custom_page_level_css":"","site-sidebar-layout":"default","site-content-layout":"","ast-site-content-layout":"default","site-content-style":"default","site-sidebar-style":"default","ast-global-header-display":"","ast-banner-title-visibility":"","ast-main-header-display":"","ast-hfb-above-header-display":"","ast-hfb-below-header-display":"","ast-hfb-mobile-header-display":"","site-post-title":"disabled","ast-breadcrumbs-content":"","ast-featured-img":"","footer-sml-layout":"","ast-disable-related-posts":"","theme-transparent-header-meta":"","adv-header-id-meta":"","stick-header-meta":"","header-above-stick-meta":"","header-main-stick-meta":"","header-below-stick-meta":"","astra-migrate-meta-layouts":"default","ast-page-background-enabled":"default","ast-page-background-meta":{"desktop":{"background-color":"var(--ast-global-color-5)","background-image":"","background-repeat":"repeat","background-position":"center center","background-size":"auto","background-attachment":"scroll","background-type":"","background-media":"","overlay-type":"","overlay-color":"","overlay-opacity":"","overlay-gradient":""},"tablet":{"background-color":"","background-image":"","background-repeat":"repeat","background-position":"center center","background-size":"auto","background-attachment":"scroll","background-type":"","background-media":"","overlay-type":"","overlay-color":"","overlay-opacity":"","overlay-gradient":""},"mobile":{"background-color":"","background-image":"","background-repeat":"repeat","background-position":"center center","background-size":"auto","background-attachment":"scroll","background-type":"","background-media":"","overlay-type":"","overlay-color":"","overlay-opacity":"","overlay-gradient":""}},"ast-content-background-meta":{"desktop":{"background-color":"var(--ast-global-color-4)","background-image":"","background-repeat":"repeat","background-position":"center center","background-size":"auto","background-attachment":"scroll","background-type":"","background-media":"","overlay-type":"","overlay-color":"","overlay-opacity":"","overlay-gradient":""},"tablet":{"background-color":"var(--ast-global-color-4)","background-image":"","background-repeat":"repeat","background-position":"center center","background-size":"auto","background-attachment":"scroll","background-type":"","background-media":"","overlay-type":"","overlay-color":"","overlay-opacity":"","overlay-gradient":""},"mobile":{"background-color":"var(--ast-global-color-4)","background-image":"","background-repeat":"repeat","background-position":"center center","background-size":"auto","background-attachment":"scroll","background-type":"","background-media":"","overlay-type":"","overlay-color":"","overlay-opacity":"","overlay-gradient":""}},"_themeisle_gutenberg_block_has_review":false,"footnotes":""},"class_list":["post-54","page","type-page","status-publish","hentry"],"uagb_featured_image_src":{"full":false,"thumbnail":false,"medium":false,"medium_large":false,"large":false,"1536x1536":false,"2048x2048":false,"trp-custom-language-flag":false},"uagb_author_info":{"display_name":"Kevin","author_link":"https:\/\/levelicoliving.net\/es\/author\/kevin\/"},"uagb_comment_info":0,"uagb_excerpt":"Contact &amp; Location Get in Touch with Leveli Coliving We\u2019re here to help you plan your perfect stay in Guadalajara. [&hellip;]","_links":{"self":[{"href":"https:\/\/levelicoliving.net\/es\/wp-json\/wp\/v2\/pages\/54","targetHints":{"allow":["GET"]}}],"collection":[{"href":"https:\/\/levelicoliving.net\/es\/wp-json\/wp\/v2\/pages"}],"about":[{"href":"https:\/\/levelicoliving.net\/es\/wp-json\/wp\/v2\/types\/page"}],"author":[{"embeddable":true,"href":"https:\/\/levelicoliving.net\/es\/wp-json\/wp\/v2\/users\/2"}],"replies":[{"embeddable":true,"href":"https:\/\/levelicoliving.net\/es\/wp-json\/wp\/v2\/comments?post=54"}],"version-history":[{"count":16,"href":"https:\/\/levelicoliving.net\/es\/wp-json\/wp\/v2\/pages\/54\/revisions"}],"predecessor-version":[{"id":1227,"href":"https:\/\/levelicoliving.net\/es\/wp-json\/wp\/v2\/pages\/54\/revisions\/1227"}],"wp:attachment":[{"href":"https:\/\/levelicoliving.net\/es\/wp-json\/wp\/v2\/media?parent=54"}],"curies":[{"name":"wp","href":"https:\/\/api.w.org\/{rel}","templated":true}]}}